{"id":9939,"date":"2025-09-15T18:41:18","date_gmt":"2025-09-15T18:41:18","guid":{"rendered":"https:\/\/wonabridal.com\/?post_type=product&#038;p=9939"},"modified":"2025-09-15T18:41:20","modified_gmt":"2025-09-15T18:41:20","slug":"illusion","status":"publish","type":"product","link":"https:\/\/wonabridal.com\/es\/producto\/illusion\/","title":{"rendered":"Ilusi\u00f3n"},"content":{"rendered":"","protected":false},"excerpt":{"rendered":"<p>Vestido ilusi\u00f3n - Una declaraci\u00f3n de elegancia y sofisticaci\u00f3n<\/p>\n<p>El impresionante vestido Illusion es un fascinante vestido de estilo sirena, perfectamente complementado con una chaqueta estructurada y entallada. <\/p>\n<p>La chaqueta, que define la silueta, est\u00e1 confeccionada con un tejido de abrigo de primera calidad y presenta unos hombros atrevidos y esculpidos que crean un look poderoso y sofisticado sin esfuerzo.<br \/>\nLa chaqueta se abrocha con estos dos cierres.<br \/>\nSu corte entallado acent\u00faa la cintura, realzando las curvas naturales del cuerpo. <\/p>\n<p>El vestido semitransparente es una obra maestra de artesan\u00eda, confeccionado con delicado encaje de Chantilly adornado con aplicaciones de encaje. Los refinados detalles a\u00f1aden profundidad y dimensi\u00f3n, exudando un romanticismo atemporal. <\/p>\n<p>La espalda del vestido se cierra con una cremallera.<br \/>\nEl vestido Illusion es la mezcla perfecta de estructura atrevida y delicadeza et\u00e9rea, lo que lo convierte en una elecci\u00f3n inolvidable para la novia moderna.<\/p>","protected":false},"featured_media":9940,"template":"","meta":{"site-sidebar-layout":"default","site-content-layout":"","ast-site-content-layout":"default","site-content-style":"default","site-sidebar-style":"default","ast-global-header-display":"","ast-banner-title-visibility":"","ast-main-header-display":"","ast-hfb-above-header-display":"","ast-hfb-below-header-display":"","ast-hfb-mobile-header-display":"","site-post-title":"","ast-breadcrumbs-content":"","ast-featured-img":"","footer-sml-layout":"","ast-disable-related-posts":"","theme-transparent-header-meta":"","adv-header-id-meta":"","stick-header-meta":"","header-above-stick-meta":"","header-main-stick-meta":"","header-below-stick-meta":"","astra-migrate-meta-layouts":"default","ast-page-background-enabled":"default","ast-page-background-meta":{"desktop":{"background-color":"var(--ast-global-color-4)","background-image":"","background-repeat":"repeat","background-position":"center center","background-size":"auto","background-attachment":"scroll","background-type":"","background-media":"","overlay-type":"","overlay-color":"","overlay-opacity":"","overlay-gradient":""},"tablet":{"background-color":"","background-image":"","background-repeat":"repeat","background-position":"center center","background-size":"auto","background-attachment":"scroll","background-type":"","background-media":"","overlay-type":"","overlay-color":"","overlay-opacity":"","overlay-gradient":""},"mobile":{"background-color":"","background-image":"","background-repeat":"repeat","background-position":"center center","background-size":"auto","background-attachment":"scroll","background-type":"","background-media":"","overlay-type":"","overlay-color":"","overlay-opacity":"","overlay-gradient":""}},"ast-content-background-meta":{"desktop":{"background-color":"var(--ast-global-color-5)","background-image":"","background-repeat":"repeat","background-position":"center center","background-size":"auto","background-attachment":"scroll","background-type":"","background-media":"","overlay-type":"","overlay-color":"","overlay-opacity":"","overlay-gradient":""},"tablet":{"background-color":"var(--ast-global-color-5)","background-image":"","background-repeat":"repeat","background-position":"center center","background-size":"auto","background-attachment":"scroll","background-type":"","background-media":"","overlay-type":"","overlay-color":"","overlay-opacity":"","overlay-gradient":""},"mobile":{"background-color":"var(--ast-global-color-5)","background-image":"","background-repeat":"repeat","background-position":"center center","background-size":"auto","background-attachment":"scroll","background-type":"","background-media":"","overlay-type":"","overlay-color":"","overlay-opacity":"","overlay-gradient":""}}},"product_cat":[479],"product_tag":[],"class_list":{"0":"post-9939","1":"product","2":"type-product","3":"status-publish","4":"has-post-thumbnail","6":"product_cat-less-is-more-v","7":"pa_back-clousure-closed","8":"pa_detaling-with-jacket","9":"pa_dress-length-floor-length","10":"pa_fabric-lace","11":"pa_fabric-wool","12":"pa_neckline-high-neck","13":"pa_neckline-closed","14":"pa_silhouette-sheath","15":"pa_sleeve-long-sleeve","16":"pa_sleeve-no-sleeve","17":"pa_style-modern","18":"pa_style-sexy","19":"pa_train-chapel","20":"pa_train-with-train","21":"desktop-align-left","22":"tablet-align-left","23":"mobile-align-left","24":"ast-product-gallery-layout-first-image-large","25":"ast-magnify-disabled","27":"first","28":"instock","29":"shipping-taxable","30":"product-type-simple"},"_links":{"self":[{"href":"https:\/\/wonabridal.com\/es\/wp-json\/wp\/v2\/product\/9939","targetHints":{"allow":["GET"]}}],"collection":[{"href":"https:\/\/wonabridal.com\/es\/wp-json\/wp\/v2\/product"}],"about":[{"href":"https:\/\/wonabridal.com\/es\/wp-json\/wp\/v2\/types\/product"}],"wp:featuredmedia":[{"embeddable":true,"href":"https:\/\/wonabridal.com\/es\/wp-json\/wp\/v2\/media\/9940"}],"wp:attachment":[{"href":"https:\/\/wonabridal.com\/es\/wp-json\/wp\/v2\/media?parent=9939"}],"wp:term":[{"taxonomy":"product_cat","embeddable":true,"href":"https:\/\/wonabridal.com\/es\/wp-json\/wp\/v2\/product_cat?post=9939"},{"taxonomy":"product_tag","embeddable":true,"href":"https:\/\/wonabridal.com\/es\/wp-json\/wp\/v2\/product_tag?post=9939"}],"curies":[{"name":"wp","href":"https:\/\/api.w.org\/{rel}","templated":true}]}}