{"id":9927,"date":"2025-09-15T18:41:10","date_gmt":"2025-09-15T18:41:10","guid":{"rendered":"https:\/\/wonabridal.com\/?post_type=product&#038;p=9927"},"modified":"2025-09-15T18:41:13","modified_gmt":"2025-09-15T18:41:13","slug":"garmin","status":"publish","type":"product","link":"https:\/\/wonabridal.com\/es\/producto\/garmin\/","title":{"rendered":"Garmin"},"content":{"rendered":"","protected":false},"excerpt":{"rendered":"<p>El vestido Garmin es una mezcla de dise\u00f1o moderno y elegancia poco convencional. Confeccionado en lujoso tafet\u00e1n, este vestido destaca por su textura \u00fanica, que aparece arrugada de forma natural, creando suaves pliegues en capas. El cors\u00e9 estructurado, sujeto con una cremallera, se complementa con delicados tirantes, mientras que el voluminoso bolero a\u00f1ade un toque dram\u00e1tico a la par que sofisticado. El dise\u00f1o de piernas abiertas aporta una sensaci\u00f3n de ligereza y encanto sin esfuerzo, haciendo que este look sea a la vez atrevido y et\u00e9reo.<\/p>","protected":false},"featured_media":9928,"template":"","meta":{"site-sidebar-layout":"default","site-content-layout":"","ast-site-content-layout":"default","site-content-style":"default","site-sidebar-style":"default","ast-global-header-display":"","ast-banner-title-visibility":"","ast-main-header-display":"","ast-hfb-above-header-display":"","ast-hfb-below-header-display":"","ast-hfb-mobile-header-display":"","site-post-title":"","ast-breadcrumbs-content":"","ast-featured-img":"","footer-sml-layout":"","ast-disable-related-posts":"","theme-transparent-header-meta":"","adv-header-id-meta":"","stick-header-meta":"","header-above-stick-meta":"","header-main-stick-meta":"","header-below-stick-meta":"","astra-migrate-meta-layouts":"default","ast-page-background-enabled":"default","ast-page-background-meta":{"desktop":{"background-color":"var(--ast-global-color-4)","background-image":"","background-repeat":"repeat","background-position":"center center","background-size":"auto","background-attachment":"scroll","background-type":"","background-media":"","overlay-type":"","overlay-color":"","overlay-opacity":"","overlay-gradient":""},"tablet":{"background-color":"","background-image":"","background-repeat":"repeat","background-position":"center center","background-size":"auto","background-attachment":"scroll","background-type":"","background-media":"","overlay-type":"","overlay-color":"","overlay-opacity":"","overlay-gradient":""},"mobile":{"background-color":"","background-image":"","background-repeat":"repeat","background-position":"center center","background-size":"auto","background-attachment":"scroll","background-type":"","background-media":"","overlay-type":"","overlay-color":"","overlay-opacity":"","overlay-gradient":""}},"ast-content-background-meta":{"desktop":{"background-color":"var(--ast-global-color-5)","background-image":"","background-repeat":"repeat","background-position":"center center","background-size":"auto","background-attachment":"scroll","background-type":"","background-media":"","overlay-type":"","overlay-color":"","overlay-opacity":"","overlay-gradient":""},"tablet":{"background-color":"var(--ast-global-color-5)","background-image":"","background-repeat":"repeat","background-position":"center center","background-size":"auto","background-attachment":"scroll","background-type":"","background-media":"","overlay-type":"","overlay-color":"","overlay-opacity":"","overlay-gradient":""},"mobile":{"background-color":"var(--ast-global-color-5)","background-image":"","background-repeat":"repeat","background-position":"center center","background-size":"auto","background-attachment":"scroll","background-type":"","background-media":"","overlay-type":"","overlay-color":"","overlay-opacity":"","overlay-gradient":""}}},"product_cat":[479],"product_tag":[],"class_list":{"0":"post-9927","1":"product","2":"type-product","3":"status-publish","4":"has-post-thumbnail","6":"product_cat-less-is-more-v","7":"pa_back-clousure-strsight","8":"pa_detaling-with-slit","9":"pa_detaling-with-detachable-cape","10":"pa_dress-length-floor-length","11":"pa_fabric-tulle","12":"pa_fabric-tafetta","13":"pa_neckline-square","14":"pa_neckline-straps","15":"pa_silhouette-a-line","16":"pa_sleeve-straps","17":"pa_style-sexy","18":"pa_style-vintage","19":"pa_train-cathedral","20":"pa_train-with-train","21":"desktop-align-left","22":"tablet-align-left","23":"mobile-align-left","24":"ast-product-gallery-layout-first-image-large","25":"ast-magnify-disabled","27":"first","28":"instock","29":"shipping-taxable","30":"product-type-simple"},"_links":{"self":[{"href":"https:\/\/wonabridal.com\/es\/wp-json\/wp\/v2\/product\/9927","targetHints":{"allow":["GET"]}}],"collection":[{"href":"https:\/\/wonabridal.com\/es\/wp-json\/wp\/v2\/product"}],"about":[{"href":"https:\/\/wonabridal.com\/es\/wp-json\/wp\/v2\/types\/product"}],"wp:featuredmedia":[{"embeddable":true,"href":"https:\/\/wonabridal.com\/es\/wp-json\/wp\/v2\/media\/9928"}],"wp:attachment":[{"href":"https:\/\/wonabridal.com\/es\/wp-json\/wp\/v2\/media?parent=9927"}],"wp:term":[{"taxonomy":"product_cat","embeddable":true,"href":"https:\/\/wonabridal.com\/es\/wp-json\/wp\/v2\/product_cat?post=9927"},{"taxonomy":"product_tag","embeddable":true,"href":"https:\/\/wonabridal.com\/es\/wp-json\/wp\/v2\/product_tag?post=9927"}],"curies":[{"name":"wp","href":"https:\/\/api.w.org\/{rel}","templated":true}]}}