{"id":9903,"date":"2025-09-15T18:40:54","date_gmt":"2025-09-15T18:40:54","guid":{"rendered":"https:\/\/wonabridal.com\/?post_type=product&#038;p=9903"},"modified":"2025-09-15T18:40:58","modified_gmt":"2025-09-15T18:40:58","slug":"deliz","status":"publish","type":"product","link":"https:\/\/wonabridal.com\/es\/producto\/deliz\/","title":{"rendered":"Deliz"},"content":{"rendered":"","protected":false},"excerpt":{"rendered":"<p>El vestido Deliz es una obra maestra de elegancia y originalidad, con una silueta voluminosa y un dise\u00f1o \u00fanico. Confeccionado en un lujoso tejido de tafet\u00e1n, se complementa con capas de tul, art\u00edsticamente fruncidas en formas florales a lo largo de la falda para lograr un efecto et\u00e9reo y de ensue\u00f1o. <\/p>\n<p>El cors\u00e9 drapeado y sin tirantes realza maravillosamente la figura, ofreciendo un aspecto refinado y femenino. Dise\u00f1ado con una espalda con cordones, garantiza un ajuste y una comodidad perfectos. <\/p>\n<p>Una caracter\u00edstica destacada de este vestido es su capa de tul extra\u00edble, que se sujeta con discretos botones a presi\u00f3n. Con un simple cambio, el vestido se transforma en uno m\u00e1s cl\u00e1sico, ofreciendo a la novia dos impresionantes looks en uno. <\/p>\n<p>Una elecci\u00f3n perfecta para los amantes de la versatilidad y la sofisticaci\u00f3n. <\/p>","protected":false},"featured_media":9904,"template":"","meta":{"site-sidebar-layout":"default","site-content-layout":"","ast-site-content-layout":"default","site-content-style":"default","site-sidebar-style":"default","ast-global-header-display":"","ast-banner-title-visibility":"","ast-main-header-display":"","ast-hfb-above-header-display":"","ast-hfb-below-header-display":"","ast-hfb-mobile-header-display":"","site-post-title":"","ast-breadcrumbs-content":"","ast-featured-img":"","footer-sml-layout":"","ast-disable-related-posts":"","theme-transparent-header-meta":"","adv-header-id-meta":"","stick-header-meta":"","header-above-stick-meta":"","header-main-stick-meta":"","header-below-stick-meta":"","astra-migrate-meta-layouts":"default","ast-page-background-enabled":"default","ast-page-background-meta":{"desktop":{"background-color":"var(--ast-global-color-4)","background-image":"","background-repeat":"repeat","background-position":"center center","background-size":"auto","background-attachment":"scroll","background-type":"","background-media":"","overlay-type":"","overlay-color":"","overlay-opacity":"","overlay-gradient":""},"tablet":{"background-color":"","background-image":"","background-repeat":"repeat","background-position":"center center","background-size":"auto","background-attachment":"scroll","background-type":"","background-media":"","overlay-type":"","overlay-color":"","overlay-opacity":"","overlay-gradient":""},"mobile":{"background-color":"","background-image":"","background-repeat":"repeat","background-position":"center center","background-size":"auto","background-attachment":"scroll","background-type":"","background-media":"","overlay-type":"","overlay-color":"","overlay-opacity":"","overlay-gradient":""}},"ast-content-background-meta":{"desktop":{"background-color":"var(--ast-global-color-5)","background-image":"","background-repeat":"repeat","background-position":"center center","background-size":"auto","background-attachment":"scroll","background-type":"","background-media":"","overlay-type":"","overlay-color":"","overlay-opacity":"","overlay-gradient":""},"tablet":{"background-color":"var(--ast-global-color-5)","background-image":"","background-repeat":"repeat","background-position":"center center","background-size":"auto","background-attachment":"scroll","background-type":"","background-media":"","overlay-type":"","overlay-color":"","overlay-opacity":"","overlay-gradient":""},"mobile":{"background-color":"var(--ast-global-color-5)","background-image":"","background-repeat":"repeat","background-position":"center center","background-size":"auto","background-attachment":"scroll","background-type":"","background-media":"","overlay-type":"","overlay-color":"","overlay-opacity":"","overlay-gradient":""}}},"product_cat":[479],"product_tag":[],"class_list":{"0":"post-9903","1":"product","2":"type-product","3":"status-publish","4":"has-post-thumbnail","6":"product_cat-less-is-more-v","7":"pa_back-clousure-lacing","8":"pa_back-clousure-straight","9":"pa_back-clousure-corset-back","10":"pa_detaling-with-detachable-overskirt","11":"pa_detaling-with-corset","12":"pa_dress-length-floor-length","13":"pa_fabric-tulle","14":"pa_fabric-tafetta","15":"pa_neckline-strapless","16":"pa_neckline-straight","17":"pa_silhouette-ball-gown","18":"pa_sleeve-no-sleeves","19":"pa_style-classy","20":"pa_style-minimalist","21":"pa_train-cathedral","22":"pa_train-with-train","23":"desktop-align-left","24":"tablet-align-left","25":"mobile-align-left","26":"ast-product-gallery-layout-first-image-large","27":"ast-magnify-disabled","29":"first","30":"instock","31":"shipping-taxable","32":"product-type-simple"},"_links":{"self":[{"href":"https:\/\/wonabridal.com\/es\/wp-json\/wp\/v2\/product\/9903","targetHints":{"allow":["GET"]}}],"collection":[{"href":"https:\/\/wonabridal.com\/es\/wp-json\/wp\/v2\/product"}],"about":[{"href":"https:\/\/wonabridal.com\/es\/wp-json\/wp\/v2\/types\/product"}],"wp:featuredmedia":[{"embeddable":true,"href":"https:\/\/wonabridal.com\/es\/wp-json\/wp\/v2\/media\/9904"}],"wp:attachment":[{"href":"https:\/\/wonabridal.com\/es\/wp-json\/wp\/v2\/media?parent=9903"}],"wp:term":[{"taxonomy":"product_cat","embeddable":true,"href":"https:\/\/wonabridal.com\/es\/wp-json\/wp\/v2\/product_cat?post=9903"},{"taxonomy":"product_tag","embeddable":true,"href":"https:\/\/wonabridal.com\/es\/wp-json\/wp\/v2\/product_tag?post=9903"}],"curies":[{"name":"wp","href":"https:\/\/api.w.org\/{rel}","templated":true}]}}