{"id":9875,"date":"2025-09-15T18:40:33","date_gmt":"2025-09-15T18:40:33","guid":{"rendered":"https:\/\/wonabridal.com\/?post_type=product&#038;p=9875"},"modified":"2026-05-01T14:18:03","modified_gmt":"2026-05-01T14:18:03","slug":"anisia","status":"publish","type":"product","link":"https:\/\/wonabridal.com\/es\/producto\/anisia\/","title":{"rendered":"Anisia"},"content":{"rendered":"","protected":false},"excerpt":{"rendered":"<p>El vestido Anisia es un vestido de corte sirena con capa desmontable. Est\u00e1 confeccionado en un lujoso tejido Mikado de color marfil claro. La capa est\u00e1 dise\u00f1ada para llevarla bajo el cors\u00e9, a\u00f1adiendo un toque elegante y regio. <\/p>\n<p>No se trata de un vestido de una sola pieza, sino de una combinaci\u00f3n de cors\u00e9 estructurado y falda vaporosa. El cors\u00e9 tiene una espalda de encaje que garantiza un ajuste perfecto y acent\u00faa la silueta. Su dise\u00f1o atemporal y sus refinados detalles lo convierten en una excelente elecci\u00f3n para las novias que buscan sofisticaci\u00f3n y versatilidad.<\/p>","protected":false},"featured_media":9876,"template":"","meta":{"site-sidebar-layout":"default","site-content-layout":"","ast-site-content-layout":"default","site-content-style":"default","site-sidebar-style":"default","ast-global-header-display":"","ast-banner-title-visibility":"","ast-main-header-display":"","ast-hfb-above-header-display":"","ast-hfb-below-header-display":"","ast-hfb-mobile-header-display":"","site-post-title":"","ast-breadcrumbs-content":"","ast-featured-img":"","footer-sml-layout":"","ast-disable-related-posts":"","theme-transparent-header-meta":"","adv-header-id-meta":"","stick-header-meta":"","header-above-stick-meta":"","header-main-stick-meta":"","header-below-stick-meta":"","astra-migrate-meta-layouts":"default","ast-page-background-enabled":"default","ast-page-background-meta":{"desktop":{"background-color":"var(--ast-global-color-4)","background-image":"","background-repeat":"repeat","background-position":"center center","background-size":"auto","background-attachment":"scroll","background-type":"","background-media":"","overlay-type":"","overlay-color":"","overlay-opacity":"","overlay-gradient":""},"tablet":{"background-color":"","background-image":"","background-repeat":"repeat","background-position":"center center","background-size":"auto","background-attachment":"scroll","background-type":"","background-media":"","overlay-type":"","overlay-color":"","overlay-opacity":"","overlay-gradient":""},"mobile":{"background-color":"","background-image":"","background-repeat":"repeat","background-position":"center center","background-size":"auto","background-attachment":"scroll","background-type":"","background-media":"","overlay-type":"","overlay-color":"","overlay-opacity":"","overlay-gradient":""}},"ast-content-background-meta":{"desktop":{"background-color":"var(--ast-global-color-5)","background-image":"","background-repeat":"repeat","background-position":"center center","background-size":"auto","background-attachment":"scroll","background-type":"","background-media":"","overlay-type":"","overlay-color":"","overlay-opacity":"","overlay-gradient":""},"tablet":{"background-color":"var(--ast-global-color-5)","background-image":"","background-repeat":"repeat","background-position":"center center","background-size":"auto","background-attachment":"scroll","background-type":"","background-media":"","overlay-type":"","overlay-color":"","overlay-opacity":"","overlay-gradient":""},"mobile":{"background-color":"var(--ast-global-color-5)","background-image":"","background-repeat":"repeat","background-position":"center center","background-size":"auto","background-attachment":"scroll","background-type":"","background-media":"","overlay-type":"","overlay-color":"","overlay-opacity":"","overlay-gradient":""}}},"product_cat":[479],"product_tag":[],"class_list":{"0":"post-9875","1":"product","2":"type-product","3":"status-publish","4":"has-post-thumbnail","6":"product_cat-less-is-more-v","7":"pa_back-clousure-lacing","8":"pa_back-clousure-straight","9":"pa_back-clousure-corset-back","10":"pa_detaling-with-detachable-overskirt","11":"pa_detaling-with-corset","12":"pa_dress-length-floor-length","13":"pa_fabric-mikado-silk","14":"pa_neckline-strapless","15":"pa_neckline-corset-style","16":"pa_neckline-straight","17":"pa_silhouette-fitted-with-overskirt","18":"pa_sleeve-no-sleeves","19":"pa_style-classy","20":"pa_style-minimalist","21":"pa_train-cathedral","22":"pa_train-with-train","23":"desktop-align-left","24":"tablet-align-left","25":"mobile-align-left","26":"ast-product-gallery-layout-first-image-large","27":"ast-magnify-disabled","29":"first","30":"instock","31":"featured","32":"shipping-taxable","33":"product-type-simple"},"_links":{"self":[{"href":"https:\/\/wonabridal.com\/es\/wp-json\/wp\/v2\/product\/9875","targetHints":{"allow":["GET"]}}],"collection":[{"href":"https:\/\/wonabridal.com\/es\/wp-json\/wp\/v2\/product"}],"about":[{"href":"https:\/\/wonabridal.com\/es\/wp-json\/wp\/v2\/types\/product"}],"wp:featuredmedia":[{"embeddable":true,"href":"https:\/\/wonabridal.com\/es\/wp-json\/wp\/v2\/media\/9876"}],"wp:attachment":[{"href":"https:\/\/wonabridal.com\/es\/wp-json\/wp\/v2\/media?parent=9875"}],"wp:term":[{"taxonomy":"product_cat","embeddable":true,"href":"https:\/\/wonabridal.com\/es\/wp-json\/wp\/v2\/product_cat?post=9875"},{"taxonomy":"product_tag","embeddable":true,"href":"https:\/\/wonabridal.com\/es\/wp-json\/wp\/v2\/product_tag?post=9875"}],"curies":[{"name":"wp","href":"https:\/\/api.w.org\/{rel}","templated":true}]}}