{"id":9834,"date":"2025-05-27T10:20:33","date_gmt":"2025-05-27T10:20:33","guid":{"rendered":"https:\/\/wonabridal.com\/?post_type=product&#038;p=9834"},"modified":"2025-05-27T10:20:35","modified_gmt":"2025-05-27T10:20:35","slug":"anais","status":"publish","type":"product","link":"https:\/\/wonabridal.com\/es\/producto\/anais\/","title":{"rendered":"Ana\u00efs"},"content":{"rendered":"","protected":false},"excerpt":{"rendered":"<p>La \u00fanica l\u00ednea A de la colecci\u00f3n, con top de manga larga y cuello alto y un cors\u00e9 cl\u00e1sico cubierto de meticuloso encaje de cuentas hecho a mano. La falda y la sobrefalda son los elementos m\u00e1s destacados del vestido, ya que est\u00e1n formadas por capas y confeccionadas con cuatro tipos diferentes de tejido de gran calidad: encaje, que crea la elegante base de cola de sirena basculada, cubierta opcionalmente por la sobrefalda de malla plisada, tul y seda mikado, que crea una silueta m\u00e1s voluminosa.<\/p>","protected":false},"featured_media":9835,"template":"","meta":{"site-sidebar-layout":"default","site-content-layout":"","ast-site-content-layout":"default","site-content-style":"default","site-sidebar-style":"default","ast-global-header-display":"","ast-banner-title-visibility":"","ast-main-header-display":"","ast-hfb-above-header-display":"","ast-hfb-below-header-display":"","ast-hfb-mobile-header-display":"","site-post-title":"","ast-breadcrumbs-content":"","ast-featured-img":"","footer-sml-layout":"","ast-disable-related-posts":"","theme-transparent-header-meta":"","adv-header-id-meta":"","stick-header-meta":"","header-above-stick-meta":"","header-main-stick-meta":"","header-below-stick-meta":"","astra-migrate-meta-layouts":"default","ast-page-background-enabled":"default","ast-page-background-meta":{"desktop":{"background-color":"var(--ast-global-color-4)","background-image":"","background-repeat":"repeat","background-position":"center center","background-size":"auto","background-attachment":"scroll","background-type":"","background-media":"","overlay-type":"","overlay-color":"","overlay-opacity":"","overlay-gradient":""},"tablet":{"background-color":"","background-image":"","background-repeat":"repeat","background-position":"center center","background-size":"auto","background-attachment":"scroll","background-type":"","background-media":"","overlay-type":"","overlay-color":"","overlay-opacity":"","overlay-gradient":""},"mobile":{"background-color":"","background-image":"","background-repeat":"repeat","background-position":"center center","background-size":"auto","background-attachment":"scroll","background-type":"","background-media":"","overlay-type":"","overlay-color":"","overlay-opacity":"","overlay-gradient":""}},"ast-content-background-meta":{"desktop":{"background-color":"var(--ast-global-color-5)","background-image":"","background-repeat":"repeat","background-position":"center center","background-size":"auto","background-attachment":"scroll","background-type":"","background-media":"","overlay-type":"","overlay-color":"","overlay-opacity":"","overlay-gradient":""},"tablet":{"background-color":"var(--ast-global-color-5)","background-image":"","background-repeat":"repeat","background-position":"center center","background-size":"auto","background-attachment":"scroll","background-type":"","background-media":"","overlay-type":"","overlay-color":"","overlay-opacity":"","overlay-gradient":""},"mobile":{"background-color":"var(--ast-global-color-5)","background-image":"","background-repeat":"repeat","background-position":"center center","background-size":"auto","background-attachment":"scroll","background-type":"","background-media":"","overlay-type":"","overlay-color":"","overlay-opacity":"","overlay-gradient":""}}},"product_cat":[473,460],"product_tag":[454,474],"class_list":{"0":"post-9834","1":"product","2":"type-product","3":"status-publish","4":"has-post-thumbnail","6":"product_cat-atelier-lumiere","7":"product_cat-plus-size","8":"product_tag-coming-soon","9":"product_tag-plus-size","10":"pa_back-clousure-closed","11":"pa_back-clousure-lacing","12":"pa_detaling-with-detachable-overskirt","13":"pa_detaling-with-shoulder-pads","14":"pa_dress-length-floor-length","15":"pa_fabric-lace","16":"pa_fabric-mikado-silk","17":"pa_fabric-tulle","18":"pa_neckline-high-neck","19":"pa_neckline-closed","20":"pa_silhouette-fitted-with-overskirt","21":"pa_sleeve-illusion","22":"pa_sleeve-long-fitted","23":"pa_style-classy","24":"pa_style-vintage","25":"pa_train-cathedral","26":"desktop-align-left","27":"tablet-align-left","28":"mobile-align-left","29":"ast-product-gallery-layout-first-image-large","30":"ast-magnify-disabled","32":"first","33":"instock","34":"shipping-taxable","35":"product-type-simple"},"_links":{"self":[{"href":"https:\/\/wonabridal.com\/es\/wp-json\/wp\/v2\/product\/9834","targetHints":{"allow":["GET"]}}],"collection":[{"href":"https:\/\/wonabridal.com\/es\/wp-json\/wp\/v2\/product"}],"about":[{"href":"https:\/\/wonabridal.com\/es\/wp-json\/wp\/v2\/types\/product"}],"wp:featuredmedia":[{"embeddable":true,"href":"https:\/\/wonabridal.com\/es\/wp-json\/wp\/v2\/media\/9835"}],"wp:attachment":[{"href":"https:\/\/wonabridal.com\/es\/wp-json\/wp\/v2\/media?parent=9834"}],"wp:term":[{"taxonomy":"product_cat","embeddable":true,"href":"https:\/\/wonabridal.com\/es\/wp-json\/wp\/v2\/product_cat?post=9834"},{"taxonomy":"product_tag","embeddable":true,"href":"https:\/\/wonabridal.com\/es\/wp-json\/wp\/v2\/product_tag?post=9834"}],"curies":[{"name":"wp","href":"https:\/\/api.w.org\/{rel}","templated":true}]}}