{"id":9770,"date":"2025-05-27T10:19:49","date_gmt":"2025-05-27T10:19:49","guid":{"rendered":"https:\/\/wonabridal.com\/?post_type=product&#038;p=9770"},"modified":"2025-05-27T10:19:51","modified_gmt":"2025-05-27T10:19:51","slug":"farwell","status":"publish","type":"product","link":"https:\/\/wonabridal.com\/es\/producto\/farwell\/","title":{"rendered":"Farwell"},"content":{"rendered":"","protected":false},"excerpt":{"rendered":"<p>Cl\u00e1sica cola de sirena con un sencillo pero llamativo escote redondo suave sobre un firme cors\u00e9 de sat\u00e9n, decorada con adornos florales hechos a mano y con una espalda de encaje. La falda fruncida por delante y por detr\u00e1s, que crea un suave drapeado sobre las caderas y desciende con fluidez hasta el bajo, es s\u00edmbolo de elegancia y un estilo impecable.<\/p>","protected":false},"featured_media":9771,"template":"","meta":{"site-sidebar-layout":"default","site-content-layout":"","ast-site-content-layout":"default","site-content-style":"default","site-sidebar-style":"default","ast-global-header-display":"","ast-banner-title-visibility":"","ast-main-header-display":"","ast-hfb-above-header-display":"","ast-hfb-below-header-display":"","ast-hfb-mobile-header-display":"","site-post-title":"","ast-breadcrumbs-content":"","ast-featured-img":"","footer-sml-layout":"","ast-disable-related-posts":"","theme-transparent-header-meta":"","adv-header-id-meta":"","stick-header-meta":"","header-above-stick-meta":"","header-main-stick-meta":"","header-below-stick-meta":"","astra-migrate-meta-layouts":"default","ast-page-background-enabled":"default","ast-page-background-meta":{"desktop":{"background-color":"var(--ast-global-color-4)","background-image":"","background-repeat":"repeat","background-position":"center center","background-size":"auto","background-attachment":"scroll","background-type":"","background-media":"","overlay-type":"","overlay-color":"","overlay-opacity":"","overlay-gradient":""},"tablet":{"background-color":"","background-image":"","background-repeat":"repeat","background-position":"center center","background-size":"auto","background-attachment":"scroll","background-type":"","background-media":"","overlay-type":"","overlay-color":"","overlay-opacity":"","overlay-gradient":""},"mobile":{"background-color":"","background-image":"","background-repeat":"repeat","background-position":"center center","background-size":"auto","background-attachment":"scroll","background-type":"","background-media":"","overlay-type":"","overlay-color":"","overlay-opacity":"","overlay-gradient":""}},"ast-content-background-meta":{"desktop":{"background-color":"var(--ast-global-color-5)","background-image":"","background-repeat":"repeat","background-position":"center center","background-size":"auto","background-attachment":"scroll","background-type":"","background-media":"","overlay-type":"","overlay-color":"","overlay-opacity":"","overlay-gradient":""},"tablet":{"background-color":"var(--ast-global-color-5)","background-image":"","background-repeat":"repeat","background-position":"center center","background-size":"auto","background-attachment":"scroll","background-type":"","background-media":"","overlay-type":"","overlay-color":"","overlay-opacity":"","overlay-gradient":""},"mobile":{"background-color":"var(--ast-global-color-5)","background-image":"","background-repeat":"repeat","background-position":"center center","background-size":"auto","background-attachment":"scroll","background-type":"","background-media":"","overlay-type":"","overlay-color":"","overlay-opacity":"","overlay-gradient":""}}},"product_cat":[473,460],"product_tag":[474],"class_list":{"0":"post-9770","1":"product","2":"type-product","3":"status-publish","4":"has-post-thumbnail","6":"product_cat-atelier-lumiere","7":"product_cat-plus-size","8":"product_tag-plus-size","9":"pa_back-clousure-low-back","10":"pa_back-clousure-straight","11":"pa_dress-length-floor-length","12":"pa_fabric-3d-lace","13":"pa_fabric-lace","14":"pa_neckline-off-shoulder","15":"pa_neckline-sweetheart","16":"pa_silhouette-ball-gown","17":"pa_sleeve-off-shoulder","18":"pa_style-classy","19":"pa_style-vintage","20":"pa_train-cathedral","21":"desktop-align-left","22":"tablet-align-left","23":"mobile-align-left","24":"ast-product-gallery-layout-first-image-large","25":"ast-magnify-disabled","27":"first","28":"instock","29":"shipping-taxable","30":"product-type-simple"},"_links":{"self":[{"href":"https:\/\/wonabridal.com\/es\/wp-json\/wp\/v2\/product\/9770","targetHints":{"allow":["GET"]}}],"collection":[{"href":"https:\/\/wonabridal.com\/es\/wp-json\/wp\/v2\/product"}],"about":[{"href":"https:\/\/wonabridal.com\/es\/wp-json\/wp\/v2\/types\/product"}],"wp:featuredmedia":[{"embeddable":true,"href":"https:\/\/wonabridal.com\/es\/wp-json\/wp\/v2\/media\/9771"}],"wp:attachment":[{"href":"https:\/\/wonabridal.com\/es\/wp-json\/wp\/v2\/media?parent=9770"}],"wp:term":[{"taxonomy":"product_cat","embeddable":true,"href":"https:\/\/wonabridal.com\/es\/wp-json\/wp\/v2\/product_cat?post=9770"},{"taxonomy":"product_tag","embeddable":true,"href":"https:\/\/wonabridal.com\/es\/wp-json\/wp\/v2\/product_tag?post=9770"}],"curies":[{"name":"wp","href":"https:\/\/api.w.org\/{rel}","templated":true}]}}