{"id":9759,"date":"2025-05-27T10:19:42","date_gmt":"2025-05-27T10:19:42","guid":{"rendered":"https:\/\/wonabridal.com\/?post_type=product&#038;p=9759"},"modified":"2025-05-27T10:19:45","modified_gmt":"2025-05-27T10:19:45","slug":"brunette","status":"publish","type":"product","link":"https:\/\/wonabridal.com\/es\/producto\/brunette\/","title":{"rendered":"Morena"},"content":{"rendered":"","protected":false},"excerpt":{"rendered":"<p>Una verdadera joya de la colecci\u00f3n Lumier\u00e8, el vestido presenta voluminosos apliques en 3D por toda la falda y crea una silueta \u00fanica, para que la novia se sienta como una princesa. La parte superior, elegante y pulcra, es un elegante cors\u00e9 con escote en pico y formas definidas, decorado con minimalistas apliques de encaje. El estilo se complementa con un llamativo velo que se hace eco de la decoraci\u00f3n 3D del vestido en la parte inferior.<\/p>","protected":false},"featured_media":9760,"template":"","meta":{"site-sidebar-layout":"default","site-content-layout":"","ast-site-content-layout":"default","site-content-style":"default","site-sidebar-style":"default","ast-global-header-display":"","ast-banner-title-visibility":"","ast-main-header-display":"","ast-hfb-above-header-display":"","ast-hfb-below-header-display":"","ast-hfb-mobile-header-display":"","site-post-title":"","ast-breadcrumbs-content":"","ast-featured-img":"","footer-sml-layout":"","ast-disable-related-posts":"","theme-transparent-header-meta":"","adv-header-id-meta":"","stick-header-meta":"","header-above-stick-meta":"","header-main-stick-meta":"","header-below-stick-meta":"","astra-migrate-meta-layouts":"default","ast-page-background-enabled":"default","ast-page-background-meta":{"desktop":{"background-color":"var(--ast-global-color-4)","background-image":"","background-repeat":"repeat","background-position":"center center","background-size":"auto","background-attachment":"scroll","background-type":"","background-media":"","overlay-type":"","overlay-color":"","overlay-opacity":"","overlay-gradient":""},"tablet":{"background-color":"","background-image":"","background-repeat":"repeat","background-position":"center center","background-size":"auto","background-attachment":"scroll","background-type":"","background-media":"","overlay-type":"","overlay-color":"","overlay-opacity":"","overlay-gradient":""},"mobile":{"background-color":"","background-image":"","background-repeat":"repeat","background-position":"center center","background-size":"auto","background-attachment":"scroll","background-type":"","background-media":"","overlay-type":"","overlay-color":"","overlay-opacity":"","overlay-gradient":""}},"ast-content-background-meta":{"desktop":{"background-color":"var(--ast-global-color-5)","background-image":"","background-repeat":"repeat","background-position":"center center","background-size":"auto","background-attachment":"scroll","background-type":"","background-media":"","overlay-type":"","overlay-color":"","overlay-opacity":"","overlay-gradient":""},"tablet":{"background-color":"var(--ast-global-color-5)","background-image":"","background-repeat":"repeat","background-position":"center center","background-size":"auto","background-attachment":"scroll","background-type":"","background-media":"","overlay-type":"","overlay-color":"","overlay-opacity":"","overlay-gradient":""},"mobile":{"background-color":"var(--ast-global-color-5)","background-image":"","background-repeat":"repeat","background-position":"center center","background-size":"auto","background-attachment":"scroll","background-type":"","background-media":"","overlay-type":"","overlay-color":"","overlay-opacity":"","overlay-gradient":""}}},"product_cat":[473,460],"product_tag":[454,474],"class_list":{"0":"post-9759","1":"product","2":"type-product","3":"status-publish","4":"has-post-thumbnail","6":"product_cat-atelier-lumiere","7":"product_cat-plus-size","8":"product_tag-coming-soon","9":"product_tag-plus-size","10":"pa_back-clousure-low-back","11":"pa_back-clousure-straight","12":"pa_detaling-with-detachable-overskirt","13":"pa_dress-length-floor-length","14":"pa_fabric-lace","15":"pa_fabric-mikado-silk","16":"pa_neckline-off-shoulder","17":"pa_neckline-sweetheart","18":"pa_silhouette-fitted-with-overskirt","19":"pa_sleeve-illusion","20":"pa_sleeve-long-fitted","21":"pa_style-classy","22":"pa_style-modern","23":"pa_train-cathedral","24":"desktop-align-left","25":"tablet-align-left","26":"mobile-align-left","27":"ast-product-gallery-layout-first-image-large","28":"ast-magnify-disabled","30":"first","31":"instock","32":"shipping-taxable","33":"product-type-simple"},"_links":{"self":[{"href":"https:\/\/wonabridal.com\/es\/wp-json\/wp\/v2\/product\/9759","targetHints":{"allow":["GET"]}}],"collection":[{"href":"https:\/\/wonabridal.com\/es\/wp-json\/wp\/v2\/product"}],"about":[{"href":"https:\/\/wonabridal.com\/es\/wp-json\/wp\/v2\/types\/product"}],"wp:featuredmedia":[{"embeddable":true,"href":"https:\/\/wonabridal.com\/es\/wp-json\/wp\/v2\/media\/9760"}],"wp:attachment":[{"href":"https:\/\/wonabridal.com\/es\/wp-json\/wp\/v2\/media?parent=9759"}],"wp:term":[{"taxonomy":"product_cat","embeddable":true,"href":"https:\/\/wonabridal.com\/es\/wp-json\/wp\/v2\/product_cat?post=9759"},{"taxonomy":"product_tag","embeddable":true,"href":"https:\/\/wonabridal.com\/es\/wp-json\/wp\/v2\/product_tag?post=9759"}],"curies":[{"name":"wp","href":"https:\/\/api.w.org\/{rel}","templated":true}]}}