{"id":9753,"date":"2025-05-27T10:19:39","date_gmt":"2025-05-27T10:19:39","guid":{"rendered":"https:\/\/wonabridal.com\/?post_type=product&#038;p=9753"},"modified":"2025-05-27T10:19:42","modified_gmt":"2025-05-27T10:19:42","slug":"bjork","status":"publish","type":"product","link":"https:\/\/wonabridal.com\/es\/producto\/bjork\/","title":{"rendered":"Bjork"},"content":{"rendered":"","protected":false},"excerpt":{"rendered":"<p>Uno de los dise\u00f1os m\u00e1s elaborados: apliques florales artesanales adornan todo el vestido, desde el escote coraz\u00f3n de hombros descubiertos hasta el final de la cola. Las mangas largas con volantes en los pu\u00f1os a\u00f1aden un toque de ternura a esta pieza meticulosa pero profundamente femenina. El vestido tambi\u00e9n incluye un velo decorado con los mismos apliques florales.<\/p>","protected":false},"featured_media":9754,"template":"","meta":{"site-sidebar-layout":"default","site-content-layout":"","ast-site-content-layout":"default","site-content-style":"default","site-sidebar-style":"default","ast-global-header-display":"","ast-banner-title-visibility":"","ast-main-header-display":"","ast-hfb-above-header-display":"","ast-hfb-below-header-display":"","ast-hfb-mobile-header-display":"","site-post-title":"","ast-breadcrumbs-content":"","ast-featured-img":"","footer-sml-layout":"","ast-disable-related-posts":"","theme-transparent-header-meta":"","adv-header-id-meta":"","stick-header-meta":"","header-above-stick-meta":"","header-main-stick-meta":"","header-below-stick-meta":"","astra-migrate-meta-layouts":"default","ast-page-background-enabled":"default","ast-page-background-meta":{"desktop":{"background-color":"var(--ast-global-color-4)","background-image":"","background-repeat":"repeat","background-position":"center center","background-size":"auto","background-attachment":"scroll","background-type":"","background-media":"","overlay-type":"","overlay-color":"","overlay-opacity":"","overlay-gradient":""},"tablet":{"background-color":"","background-image":"","background-repeat":"repeat","background-position":"center center","background-size":"auto","background-attachment":"scroll","background-type":"","background-media":"","overlay-type":"","overlay-color":"","overlay-opacity":"","overlay-gradient":""},"mobile":{"background-color":"","background-image":"","background-repeat":"repeat","background-position":"center center","background-size":"auto","background-attachment":"scroll","background-type":"","background-media":"","overlay-type":"","overlay-color":"","overlay-opacity":"","overlay-gradient":""}},"ast-content-background-meta":{"desktop":{"background-color":"var(--ast-global-color-5)","background-image":"","background-repeat":"repeat","background-position":"center center","background-size":"auto","background-attachment":"scroll","background-type":"","background-media":"","overlay-type":"","overlay-color":"","overlay-opacity":"","overlay-gradient":""},"tablet":{"background-color":"var(--ast-global-color-5)","background-image":"","background-repeat":"repeat","background-position":"center center","background-size":"auto","background-attachment":"scroll","background-type":"","background-media":"","overlay-type":"","overlay-color":"","overlay-opacity":"","overlay-gradient":""},"mobile":{"background-color":"var(--ast-global-color-5)","background-image":"","background-repeat":"repeat","background-position":"center center","background-size":"auto","background-attachment":"scroll","background-type":"","background-media":"","overlay-type":"","overlay-color":"","overlay-opacity":"","overlay-gradient":""}}},"product_cat":[473,460],"product_tag":[454,474],"class_list":{"0":"post-9753","1":"product","2":"type-product","3":"status-publish","4":"has-post-thumbnail","6":"product_cat-atelier-lumiere","7":"product_cat-plus-size","8":"product_tag-coming-soon","9":"product_tag-plus-size","10":"pa_back-clousure-lacing","11":"pa_back-clousure-low-back","12":"pa_back-clousure-straight","13":"pa_detaling-with-corset","14":"pa_detaling-with-veil","15":"pa_dress-length-floor-length","16":"pa_fabric-organza","17":"pa_fabric-suit-fabric","18":"pa_neckline-strapless","19":"pa_neckline-sweetheart","20":"pa_silhouette-ball-gown","21":"pa_sleeve-no-sleeves","22":"pa_style-modern","23":"pa_style-sexy","24":"pa_train-cathedral","25":"desktop-align-left","26":"tablet-align-left","27":"mobile-align-left","28":"ast-product-gallery-layout-first-image-large","29":"ast-magnify-disabled","31":"first","32":"instock","33":"shipping-taxable","34":"product-type-simple"},"_links":{"self":[{"href":"https:\/\/wonabridal.com\/es\/wp-json\/wp\/v2\/product\/9753","targetHints":{"allow":["GET"]}}],"collection":[{"href":"https:\/\/wonabridal.com\/es\/wp-json\/wp\/v2\/product"}],"about":[{"href":"https:\/\/wonabridal.com\/es\/wp-json\/wp\/v2\/types\/product"}],"wp:featuredmedia":[{"embeddable":true,"href":"https:\/\/wonabridal.com\/es\/wp-json\/wp\/v2\/media\/9754"}],"wp:attachment":[{"href":"https:\/\/wonabridal.com\/es\/wp-json\/wp\/v2\/media?parent=9753"}],"wp:term":[{"taxonomy":"product_cat","embeddable":true,"href":"https:\/\/wonabridal.com\/es\/wp-json\/wp\/v2\/product_cat?post=9753"},{"taxonomy":"product_tag","embeddable":true,"href":"https:\/\/wonabridal.com\/es\/wp-json\/wp\/v2\/product_tag?post=9753"}],"curies":[{"name":"wp","href":"https:\/\/api.w.org\/{rel}","templated":true}]}}