{"id":9744,"date":"2025-05-27T10:19:32","date_gmt":"2025-05-27T10:19:32","guid":{"rendered":"https:\/\/wonabridal.com\/?post_type=product&#038;p=9744"},"modified":"2025-05-27T10:19:34","modified_gmt":"2025-05-27T10:19:34","slug":"ambition","status":"publish","type":"product","link":"https:\/\/wonabridal.com\/es\/producto\/ambition\/","title":{"rendered":"Ambici\u00f3n"},"content":{"rendered":"","protected":false},"excerpt":{"rendered":"<p>Silueta de cola de sirena que adorna sensualmente cada curva del cuerpo. El vestido est\u00e1 decorado con llamativos apliques en 3D que descienden desde la parte superior hasta la inferior riz\u00e1ndose a\u00fan m\u00e1s y dando volumen a la cola. La pieza habla de gracia y est\u00e1 elegantemente rematada con un toque de brillo de los abalorios brillantes que trascienden a trav\u00e9s del velo de voluminosos apliques. Se complementa con una gargantilla floral y una ligera capa de tuille.<\/p>","protected":false},"featured_media":9745,"template":"","meta":{"site-sidebar-layout":"default","site-content-layout":"","ast-site-content-layout":"default","site-content-style":"default","site-sidebar-style":"default","ast-global-header-display":"","ast-banner-title-visibility":"","ast-main-header-display":"","ast-hfb-above-header-display":"","ast-hfb-below-header-display":"","ast-hfb-mobile-header-display":"","site-post-title":"","ast-breadcrumbs-content":"","ast-featured-img":"","footer-sml-layout":"","ast-disable-related-posts":"","theme-transparent-header-meta":"","adv-header-id-meta":"","stick-header-meta":"","header-above-stick-meta":"","header-main-stick-meta":"","header-below-stick-meta":"","astra-migrate-meta-layouts":"default","ast-page-background-enabled":"default","ast-page-background-meta":{"desktop":{"background-color":"var(--ast-global-color-4)","background-image":"","background-repeat":"repeat","background-position":"center center","background-size":"auto","background-attachment":"scroll","background-type":"","background-media":"","overlay-type":"","overlay-color":"","overlay-opacity":"","overlay-gradient":""},"tablet":{"background-color":"","background-image":"","background-repeat":"repeat","background-position":"center center","background-size":"auto","background-attachment":"scroll","background-type":"","background-media":"","overlay-type":"","overlay-color":"","overlay-opacity":"","overlay-gradient":""},"mobile":{"background-color":"","background-image":"","background-repeat":"repeat","background-position":"center center","background-size":"auto","background-attachment":"scroll","background-type":"","background-media":"","overlay-type":"","overlay-color":"","overlay-opacity":"","overlay-gradient":""}},"ast-content-background-meta":{"desktop":{"background-color":"var(--ast-global-color-5)","background-image":"","background-repeat":"repeat","background-position":"center center","background-size":"auto","background-attachment":"scroll","background-type":"","background-media":"","overlay-type":"","overlay-color":"","overlay-opacity":"","overlay-gradient":""},"tablet":{"background-color":"var(--ast-global-color-5)","background-image":"","background-repeat":"repeat","background-position":"center center","background-size":"auto","background-attachment":"scroll","background-type":"","background-media":"","overlay-type":"","overlay-color":"","overlay-opacity":"","overlay-gradient":""},"mobile":{"background-color":"var(--ast-global-color-5)","background-image":"","background-repeat":"repeat","background-position":"center center","background-size":"auto","background-attachment":"scroll","background-type":"","background-media":"","overlay-type":"","overlay-color":"","overlay-opacity":"","overlay-gradient":""}}},"product_cat":[473,460],"product_tag":[474],"class_list":{"0":"post-9744","1":"product","2":"type-product","3":"status-publish","4":"has-post-thumbnail","6":"product_cat-atelier-lumiere","7":"product_cat-plus-size","8":"product_tag-plus-size","9":"pa_back-clousure-low-back","10":"pa_back-clousure-straight","11":"pa_detaling-with-cape","12":"pa_dress-length-floor-length","13":"pa_fabric-3d-lace","14":"pa_fabric-lace","15":"pa_fabric-organza","16":"pa_neckline-asymmetric","17":"pa_silhouette-mermaid","18":"pa_sleeve-off-shoulder","19":"pa_style-modern","20":"pa_style-sexy","21":"pa_train-cathedral","22":"desktop-align-left","23":"tablet-align-left","24":"mobile-align-left","25":"ast-product-gallery-layout-first-image-large","26":"ast-magnify-disabled","28":"first","29":"instock","30":"shipping-taxable","31":"product-type-simple"},"_links":{"self":[{"href":"https:\/\/wonabridal.com\/es\/wp-json\/wp\/v2\/product\/9744","targetHints":{"allow":["GET"]}}],"collection":[{"href":"https:\/\/wonabridal.com\/es\/wp-json\/wp\/v2\/product"}],"about":[{"href":"https:\/\/wonabridal.com\/es\/wp-json\/wp\/v2\/types\/product"}],"wp:featuredmedia":[{"embeddable":true,"href":"https:\/\/wonabridal.com\/es\/wp-json\/wp\/v2\/media\/9745"}],"wp:attachment":[{"href":"https:\/\/wonabridal.com\/es\/wp-json\/wp\/v2\/media?parent=9744"}],"wp:term":[{"taxonomy":"product_cat","embeddable":true,"href":"https:\/\/wonabridal.com\/es\/wp-json\/wp\/v2\/product_cat?post=9744"},{"taxonomy":"product_tag","embeddable":true,"href":"https:\/\/wonabridal.com\/es\/wp-json\/wp\/v2\/product_tag?post=9744"}],"curies":[{"name":"wp","href":"https:\/\/api.w.org\/{rel}","templated":true}]}}