{"id":8666,"date":"2024-06-11T14:40:50","date_gmt":"2024-06-11T14:40:50","guid":{"rendered":"https:\/\/wonabridal.com\/?post_type=product&#038;p=8666"},"modified":"2024-12-09T20:12:59","modified_gmt":"2024-12-09T20:12:59","slug":"2418","status":"publish","type":"product","link":"https:\/\/wonabridal.com\/es\/producto\/2418\/","title":{"rendered":"2418"},"content":{"rendered":"","protected":false},"excerpt":{"rendered":"<p>Acent\u00faa tu belleza con este encantador vestido tubo. El escote coraz\u00f3n le da un toque de estilo y elegancia, y el tejido del traje ofrece una comodidad inigualable. Las opciones de color rubor, negro y azul a\u00f1aden vitalidad a tu look. La abertura lateral y el toque rom\u00e1ntico de su capa de tul desmontable lo convierten en un vestido vers\u00e1til. Este vestido es perfecto para una velada cautivadora o como conjunto de invitada de boda.<\/p>","protected":false},"featured_media":7845,"template":"","meta":{"site-sidebar-layout":"default","site-content-layout":"","ast-site-content-layout":"default","site-content-style":"default","site-sidebar-style":"default","ast-global-header-display":"","ast-banner-title-visibility":"","ast-main-header-display":"","ast-hfb-above-header-display":"","ast-hfb-below-header-display":"","ast-hfb-mobile-header-display":"","site-post-title":"","ast-breadcrumbs-content":"","ast-featured-img":"","footer-sml-layout":"","ast-disable-related-posts":"","theme-transparent-header-meta":"default","adv-header-id-meta":"","stick-header-meta":"default","header-above-stick-meta":"","header-main-stick-meta":"","header-below-stick-meta":"","astra-migrate-meta-layouts":"set","ast-page-background-enabled":"default","ast-page-background-meta":{"desktop":{"background-color":"var(--ast-global-color-4)","background-image":"","background-repeat":"repeat","background-position":"center center","background-size":"auto","background-attachment":"scroll","background-type":"","background-media":"","overlay-type":"","overlay-color":"","overlay-opacity":"","overlay-gradient":""},"tablet":{"background-color":"","background-image":"","background-repeat":"repeat","background-position":"center center","background-size":"auto","background-attachment":"scroll","background-type":"","background-media":"","overlay-type":"","overlay-color":"","overlay-opacity":"","overlay-gradient":""},"mobile":{"background-color":"","background-image":"","background-repeat":"repeat","background-position":"center center","background-size":"auto","background-attachment":"scroll","background-type":"","background-media":"","overlay-type":"","overlay-color":"","overlay-opacity":"","overlay-gradient":""}},"ast-content-background-meta":{"desktop":{"background-color":"var(--ast-global-color-5)","background-image":"","background-repeat":"repeat","background-position":"center center","background-size":"auto","background-attachment":"scroll","background-type":"","background-media":"","overlay-type":"","overlay-color":"","overlay-opacity":"","overlay-gradient":""},"tablet":{"background-color":"var(--ast-global-color-5)","background-image":"","background-repeat":"repeat","background-position":"center center","background-size":"auto","background-attachment":"scroll","background-type":"","background-media":"","overlay-type":"","overlay-color":"","overlay-opacity":"","overlay-gradient":""},"mobile":{"background-color":"var(--ast-global-color-5)","background-image":"","background-repeat":"repeat","background-position":"center center","background-size":"auto","background-attachment":"scroll","background-type":"","background-media":"","overlay-type":"","overlay-color":"","overlay-opacity":"","overlay-gradient":""}}},"product_cat":[415],"product_tag":[],"class_list":{"0":"post-8666","1":"product","2":"type-product","3":"status-publish","4":"has-post-thumbnail","6":"product_cat-bridesmaids","7":"pa_back-clousure-lacing","8":"pa_back-clousure-low-back","9":"pa_detaling-with-slit","10":"pa_detaling-with-detachable-cape","11":"pa_dress-length-floor-length","12":"pa_fabric-costume-fabric","13":"pa_neckline-sweetheart","14":"pa_silhouette-sheath","15":"pa_sleeve-thin-straps","16":"pa_style-modern","17":"pa_style-romantic","18":"pa_train-no-train","19":"desktop-align-left","20":"tablet-align-left","21":"mobile-align-left","22":"ast-product-gallery-layout-first-image-large","23":"ast-magnify-disabled","25":"first","26":"instock","27":"shipping-taxable","28":"product-type-simple"},"_links":{"self":[{"href":"https:\/\/wonabridal.com\/es\/wp-json\/wp\/v2\/product\/8666","targetHints":{"allow":["GET"]}}],"collection":[{"href":"https:\/\/wonabridal.com\/es\/wp-json\/wp\/v2\/product"}],"about":[{"href":"https:\/\/wonabridal.com\/es\/wp-json\/wp\/v2\/types\/product"}],"wp:featuredmedia":[{"embeddable":true,"href":"https:\/\/wonabridal.com\/es\/wp-json\/wp\/v2\/media\/7845"}],"wp:attachment":[{"href":"https:\/\/wonabridal.com\/es\/wp-json\/wp\/v2\/media?parent=8666"}],"wp:term":[{"taxonomy":"product_cat","embeddable":true,"href":"https:\/\/wonabridal.com\/es\/wp-json\/wp\/v2\/product_cat?post=8666"},{"taxonomy":"product_tag","embeddable":true,"href":"https:\/\/wonabridal.com\/es\/wp-json\/wp\/v2\/product_tag?post=8666"}],"curies":[{"name":"wp","href":"https:\/\/api.w.org\/{rel}","templated":true}]}}