{"id":6410,"date":"2023-07-14T17:17:52","date_gmt":"2023-07-14T17:17:52","guid":{"rendered":"https:\/\/wonabridal.com\/?post_type=product&#038;p=6410"},"modified":"2024-12-09T20:11:51","modified_gmt":"2024-12-09T20:11:51","slug":"divita","status":"publish","type":"product","link":"https:\/\/wonabridal.com\/es\/producto\/divita\/","title":{"rendered":"Divita"},"content":{"rendered":"","protected":false},"excerpt":{"rendered":"<p>Presentamos nuestro exquisito vestido de novia de l\u00ednea a, una verdadera encarnaci\u00f3n de la belleza y el romanticismo atemporales. Confeccionado en un tejido resplandeciente, cautiva con su brillo et\u00e9reo y hechiza a todos los que lo contemplan. El cors\u00e9 est\u00e1 adornado con un intrincado encaje floral en 3D que se extiende delicadamente desde el escote hasta la falda, creando una cautivadora muestra de arte. El escote en V a\u00f1ade un toque de encanto, acentuando con gracia el escote y las clav\u00edculas. Las largas mangas transparentes, adornadas con delicados detalles de encaje, evocan un aire de elegancia y gracia, al tiempo que aportan un toque de modestia. A medida que camina hacia el altar, la cola de longitud media cae en cascada detr\u00e1s de usted, exudando una sensaci\u00f3n de realeza y majestuosidad. Cada paso es una sinfon\u00eda de belleza y aplomo, ya que la cola a\u00f1ade un toque de dramatismo y grandeza a su entrada.<\/p>","protected":false},"featured_media":6411,"template":"","meta":{"site-sidebar-layout":"default","site-content-layout":"","ast-site-content-layout":"default","site-content-style":"default","site-sidebar-style":"default","ast-global-header-display":"","ast-banner-title-visibility":"","ast-main-header-display":"","ast-hfb-above-header-display":"","ast-hfb-below-header-display":"","ast-hfb-mobile-header-display":"","site-post-title":"","ast-breadcrumbs-content":"","ast-featured-img":"","footer-sml-layout":"","ast-disable-related-posts":"","theme-transparent-header-meta":"default","adv-header-id-meta":"","stick-header-meta":"default","header-above-stick-meta":"","header-main-stick-meta":"","header-below-stick-meta":"","astra-migrate-meta-layouts":"set","ast-page-background-enabled":"default","ast-page-background-meta":{"desktop":{"background-color":"var(--ast-global-color-4)","background-image":"","background-repeat":"repeat","background-position":"center center","background-size":"auto","background-attachment":"scroll","background-type":"","background-media":"","overlay-type":"","overlay-color":"","overlay-opacity":"","overlay-gradient":""},"tablet":{"background-color":"","background-image":"","background-repeat":"repeat","background-position":"center center","background-size":"auto","background-attachment":"scroll","background-type":"","background-media":"","overlay-type":"","overlay-color":"","overlay-opacity":"","overlay-gradient":""},"mobile":{"background-color":"","background-image":"","background-repeat":"repeat","background-position":"center center","background-size":"auto","background-attachment":"scroll","background-type":"","background-media":"","overlay-type":"","overlay-color":"","overlay-opacity":"","overlay-gradient":""}},"ast-content-background-meta":{"desktop":{"background-color":"var(--ast-global-color-5)","background-image":"","background-repeat":"repeat","background-position":"center center","background-size":"auto","background-attachment":"scroll","background-type":"","background-media":"","overlay-type":"","overlay-color":"","overlay-opacity":"","overlay-gradient":""},"tablet":{"background-color":"var(--ast-global-color-5)","background-image":"","background-repeat":"repeat","background-position":"center center","background-size":"auto","background-attachment":"scroll","background-type":"","background-media":"","overlay-type":"","overlay-color":"","overlay-opacity":"","overlay-gradient":""},"mobile":{"background-color":"var(--ast-global-color-5)","background-image":"","background-repeat":"repeat","background-position":"center center","background-size":"auto","background-attachment":"scroll","background-type":"","background-media":"","overlay-type":"","overlay-color":"","overlay-opacity":"","overlay-gradient":""}}},"product_cat":[395],"product_tag":[],"class_list":{"0":"post-6410","1":"product","2":"type-product","3":"status-publish","4":"has-post-thumbnail","6":"product_cat-alma-de-oro","7":"pa_back-clousure-v-back","8":"pa_dress-length-floor-length","9":"pa_fabric-3d-lace","10":"pa_fabric-tulle","11":"pa_neckline-v-neck","12":"pa_silhouette-a-line","13":"pa_sleeve-long-fitted","14":"pa_style-romantic","15":"pa_train-chapel","16":"pa_train-with-train","17":"hover-video","18":"desktop-align-left","19":"tablet-align-left","20":"mobile-align-left","21":"ast-product-gallery-layout-first-image-large","22":"ast-magnify-disabled","24":"first","25":"instock","26":"shipping-taxable","27":"product-type-simple"},"_links":{"self":[{"href":"https:\/\/wonabridal.com\/es\/wp-json\/wp\/v2\/product\/6410","targetHints":{"allow":["GET"]}}],"collection":[{"href":"https:\/\/wonabridal.com\/es\/wp-json\/wp\/v2\/product"}],"about":[{"href":"https:\/\/wonabridal.com\/es\/wp-json\/wp\/v2\/types\/product"}],"wp:featuredmedia":[{"embeddable":true,"href":"https:\/\/wonabridal.com\/es\/wp-json\/wp\/v2\/media\/6411"}],"wp:attachment":[{"href":"https:\/\/wonabridal.com\/es\/wp-json\/wp\/v2\/media?parent=6410"}],"wp:term":[{"taxonomy":"product_cat","embeddable":true,"href":"https:\/\/wonabridal.com\/es\/wp-json\/wp\/v2\/product_cat?post=6410"},{"taxonomy":"product_tag","embeddable":true,"href":"https:\/\/wonabridal.com\/es\/wp-json\/wp\/v2\/product_tag?post=6410"}],"curies":[{"name":"wp","href":"https:\/\/api.w.org\/{rel}","templated":true}]}}