{"id":5947,"date":"2023-07-14T17:21:01","date_gmt":"2023-07-14T17:21:01","guid":{"rendered":"https:\/\/wonabridal.com\/?post_type=product&#038;p=5947"},"modified":"2024-12-09T20:11:39","modified_gmt":"2024-12-09T20:11:39","slug":"costa","status":"publish","type":"product","link":"https:\/\/wonabridal.com\/es\/producto\/costa\/","title":{"rendered":"Costa"},"content":{"rendered":"","protected":false},"excerpt":{"rendered":"<p>Presentamos el fascinante look nupcial Costa, una fusi\u00f3n de elegancia y modernidad. La pieza central es un cautivador cors\u00e9 de encaje brillante, delicadamente abrochado con lazos para un ajuste personalizable. Acompa\u00f1a al cors\u00e9 una elegante chaqueta corta confeccionada en un lujoso tejido de fantas\u00eda, que a\u00f1ade un toque de sofisticaci\u00f3n y versatilidad al conjunto. Para completar el conjunto, unos pantalones palazzo fluidos ofrecen una sensaci\u00f3n de gracia y comodidad, permitiendo a la novia moverse con facilidad sin esfuerzo. Esta combinaci\u00f3n \u00fanica de elementos crea un look de novia \u00fanico que irradia confianza y estilo. Prep\u00e1rate para marcar tendencia y celebrar tu d\u00eda especial con el inolvidable look de novia Costa.<\/p>","protected":false},"featured_media":5948,"template":"","meta":{"site-sidebar-layout":"default","site-content-layout":"","ast-site-content-layout":"default","site-content-style":"default","site-sidebar-style":"default","ast-global-header-display":"","ast-banner-title-visibility":"","ast-main-header-display":"","ast-hfb-above-header-display":"","ast-hfb-below-header-display":"","ast-hfb-mobile-header-display":"","site-post-title":"","ast-breadcrumbs-content":"","ast-featured-img":"","footer-sml-layout":"","ast-disable-related-posts":"","theme-transparent-header-meta":"","adv-header-id-meta":"","stick-header-meta":"","header-above-stick-meta":"","header-main-stick-meta":"","header-below-stick-meta":"","astra-migrate-meta-layouts":"default","ast-page-background-enabled":"default","ast-page-background-meta":{"desktop":{"background-color":"var(--ast-global-color-4)","background-image":"","background-repeat":"repeat","background-position":"center center","background-size":"auto","background-attachment":"scroll","background-type":"","background-media":"","overlay-type":"","overlay-color":"","overlay-opacity":"","overlay-gradient":""},"tablet":{"background-color":"","background-image":"","background-repeat":"repeat","background-position":"center center","background-size":"auto","background-attachment":"scroll","background-type":"","background-media":"","overlay-type":"","overlay-color":"","overlay-opacity":"","overlay-gradient":""},"mobile":{"background-color":"","background-image":"","background-repeat":"repeat","background-position":"center center","background-size":"auto","background-attachment":"scroll","background-type":"","background-media":"","overlay-type":"","overlay-color":"","overlay-opacity":"","overlay-gradient":""}},"ast-content-background-meta":{"desktop":{"background-color":"var(--ast-global-color-5)","background-image":"","background-repeat":"repeat","background-position":"center center","background-size":"auto","background-attachment":"scroll","background-type":"","background-media":"","overlay-type":"","overlay-color":"","overlay-opacity":"","overlay-gradient":""},"tablet":{"background-color":"var(--ast-global-color-5)","background-image":"","background-repeat":"repeat","background-position":"center center","background-size":"auto","background-attachment":"scroll","background-type":"","background-media":"","overlay-type":"","overlay-color":"","overlay-opacity":"","overlay-gradient":""},"mobile":{"background-color":"var(--ast-global-color-5)","background-image":"","background-repeat":"repeat","background-position":"center center","background-size":"auto","background-attachment":"scroll","background-type":"","background-media":"","overlay-type":"","overlay-color":"","overlay-opacity":"","overlay-gradient":""}}},"product_cat":[389],"product_tag":[],"class_list":{"0":"post-5947","1":"product","2":"type-product","3":"status-publish","4":"has-post-thumbnail","6":"product_cat-love-spell","7":"pa_back-clousure-closed","8":"pa_dress-length-floor-length","9":"pa_fabric-lace","10":"pa_fabric-costume","11":"pa_neckline-corset-style","12":"pa_neckline-straight","13":"pa_silhouette-jumpsuit","14":"pa_sleeve-long-fitted","15":"pa_style-romantic","16":"pa_train-chapel","17":"desktop-align-left","18":"tablet-align-left","19":"mobile-align-left","20":"ast-product-gallery-layout-first-image-large","21":"ast-magnify-disabled","23":"first","24":"instock","25":"shipping-taxable","26":"product-type-simple"},"_links":{"self":[{"href":"https:\/\/wonabridal.com\/es\/wp-json\/wp\/v2\/product\/5947","targetHints":{"allow":["GET"]}}],"collection":[{"href":"https:\/\/wonabridal.com\/es\/wp-json\/wp\/v2\/product"}],"about":[{"href":"https:\/\/wonabridal.com\/es\/wp-json\/wp\/v2\/types\/product"}],"wp:featuredmedia":[{"embeddable":true,"href":"https:\/\/wonabridal.com\/es\/wp-json\/wp\/v2\/media\/5948"}],"wp:attachment":[{"href":"https:\/\/wonabridal.com\/es\/wp-json\/wp\/v2\/media?parent=5947"}],"wp:term":[{"taxonomy":"product_cat","embeddable":true,"href":"https:\/\/wonabridal.com\/es\/wp-json\/wp\/v2\/product_cat?post=5947"},{"taxonomy":"product_tag","embeddable":true,"href":"https:\/\/wonabridal.com\/es\/wp-json\/wp\/v2\/product_tag?post=5947"}],"curies":[{"name":"wp","href":"https:\/\/api.w.org\/{rel}","templated":true}]}}