{"id":4639,"date":"2023-03-22T00:01:25","date_gmt":"2023-03-22T00:01:25","guid":{"rendered":"https:\/\/wonabridal.com\/?post_type=product&#038;p=4639"},"modified":"2024-12-09T20:11:05","modified_gmt":"2024-12-09T20:11:05","slug":"ohara","status":"publish","type":"product","link":"https:\/\/wonabridal.com\/es\/producto\/ohara\/","title":{"rendered":"Ohara"},"content":{"rendered":"","protected":false},"excerpt":{"rendered":"<p>Llamativo. Femenino. Seguro de s\u00ed mismo. El vestido Ohara es un lujoso vestido de gran impacto que necesita unas 83 horas de trabajo manual para ser creado y combinar exquisitas telas con una silueta deslumbrante. Ohara es un fant\u00e1stico vestido de novia con un aspecto digno de admiraci\u00f3n. Un cors\u00e9 sin tirantes adornado con minibordados florales presenta un delicado escote con tirantes drapeados brillantes. Una elegante minifalda con abertura hasta el muslo y una falda larga de encaje de dise\u00f1o exclusivo se prolonga en una suave cola catedral.<\/p>","protected":false},"featured_media":4814,"template":"","meta":{"site-sidebar-layout":"default","site-content-layout":"default","ast-site-content-layout":"default","site-content-style":"default","site-sidebar-style":"default","ast-global-header-display":"","ast-banner-title-visibility":"","ast-main-header-display":"","ast-hfb-above-header-display":"","ast-hfb-below-header-display":"","ast-hfb-mobile-header-display":"","site-post-title":"","ast-breadcrumbs-content":"","ast-featured-img":"","footer-sml-layout":"","ast-disable-related-posts":"","theme-transparent-header-meta":"default","adv-header-id-meta":"","stick-header-meta":"default","header-above-stick-meta":"","header-main-stick-meta":"","header-below-stick-meta":"","astra-migrate-meta-layouts":"default","ast-page-background-enabled":"default","ast-page-background-meta":{"desktop":{"background-color":"var(--ast-global-color-4)","background-image":"","background-repeat":"repeat","background-position":"center center","background-size":"auto","background-attachment":"scroll","background-type":"","background-media":"","overlay-type":"","overlay-color":"","overlay-opacity":"","overlay-gradient":""},"tablet":{"background-color":"","background-image":"","background-repeat":"repeat","background-position":"center center","background-size":"auto","background-attachment":"scroll","background-type":"","background-media":"","overlay-type":"","overlay-color":"","overlay-opacity":"","overlay-gradient":""},"mobile":{"background-color":"","background-image":"","background-repeat":"repeat","background-position":"center center","background-size":"auto","background-attachment":"scroll","background-type":"","background-media":"","overlay-type":"","overlay-color":"","overlay-opacity":"","overlay-gradient":""}},"ast-content-background-meta":{"desktop":{"background-color":"var(--ast-global-color-5)","background-image":"","background-repeat":"repeat","background-position":"center center","background-size":"auto","background-attachment":"scroll","background-type":"","background-media":"","overlay-type":"","overlay-color":"","overlay-opacity":"","overlay-gradient":""},"tablet":{"background-color":"var(--ast-global-color-5)","background-image":"","background-repeat":"repeat","background-position":"center center","background-size":"auto","background-attachment":"scroll","background-type":"","background-media":"","overlay-type":"","overlay-color":"","overlay-opacity":"","overlay-gradient":""},"mobile":{"background-color":"var(--ast-global-color-5)","background-image":"","background-repeat":"repeat","background-position":"center center","background-size":"auto","background-attachment":"scroll","background-type":"","background-media":"","overlay-type":"","overlay-color":"","overlay-opacity":"","overlay-gradient":""}}},"product_cat":[329],"product_tag":[],"class_list":{"0":"post-4639","1":"product","2":"type-product","3":"status-publish","4":"has-post-thumbnail","6":"product_cat-atelier","7":"pa_back-clousure-low-back","8":"pa_back-clousure-straight","9":"pa_detaling-with-slit","10":"pa_dress-length-floor-length","11":"pa_fabric-3d-lace","12":"pa_fabric-lace","13":"pa_fabric-sparkle","14":"pa_neckline-off-shoulder","15":"pa_neckline-strapless","16":"pa_neckline-sweetheart","17":"pa_silhouette-a-line","18":"pa_sleeve-off-shoulder","19":"pa_style-classy","20":"pa_style-sexy","21":"pa_style-vintage","22":"pa_train-cathedral","23":"pa_train-with-train","24":"desktop-align-left","25":"tablet-align-left","26":"mobile-align-left","27":"ast-product-gallery-layout-first-image-large","28":"ast-magnify-disabled","30":"first","31":"instock","32":"shipping-taxable","33":"product-type-simple"},"_links":{"self":[{"href":"https:\/\/wonabridal.com\/es\/wp-json\/wp\/v2\/product\/4639","targetHints":{"allow":["GET"]}}],"collection":[{"href":"https:\/\/wonabridal.com\/es\/wp-json\/wp\/v2\/product"}],"about":[{"href":"https:\/\/wonabridal.com\/es\/wp-json\/wp\/v2\/types\/product"}],"wp:featuredmedia":[{"embeddable":true,"href":"https:\/\/wonabridal.com\/es\/wp-json\/wp\/v2\/media\/4814"}],"wp:attachment":[{"href":"https:\/\/wonabridal.com\/es\/wp-json\/wp\/v2\/media?parent=4639"}],"wp:term":[{"taxonomy":"product_cat","embeddable":true,"href":"https:\/\/wonabridal.com\/es\/wp-json\/wp\/v2\/product_cat?post=4639"},{"taxonomy":"product_tag","embeddable":true,"href":"https:\/\/wonabridal.com\/es\/wp-json\/wp\/v2\/product_tag?post=4639"}],"curies":[{"name":"wp","href":"https:\/\/api.w.org\/{rel}","templated":true}]}}