{"id":4631,"date":"2023-03-22T00:01:20","date_gmt":"2023-03-22T00:01:20","guid":{"rendered":"https:\/\/wonabridal.com\/?post_type=product&#038;p=4631"},"modified":"2024-12-09T20:11:03","modified_gmt":"2024-12-09T20:11:03","slug":"effie","status":"publish","type":"product","link":"https:\/\/wonabridal.com\/es\/producto\/effie\/","title":{"rendered":"Effie"},"content":{"rendered":"","protected":false},"excerpt":{"rendered":"<p>Effie es un lujoso vestido de sirena entallado confeccionado en exclusivo encaje con cuentas. El escote de hombros descubiertos a\u00f1ade seducci\u00f3n a las clav\u00edculas, el cors\u00e9 est\u00e1 decorado con paneles laterales transparentes en color nude y las mangas largas de encaje transl\u00facido resultan extravagantes. La falda est\u00e1 adornada con una abertura a la altura del muslo y una sobrefalda de tul sujeta a la cintura. Tras m\u00e1s de 120 horas de trabajo, nuestras costureras han creado un vestido perfecto para la novia que desea a\u00f1adir un poco de glamour a su noche.<\/p>","protected":false},"featured_media":4771,"template":"","meta":{"site-sidebar-layout":"default","site-content-layout":"default","ast-site-content-layout":"default","site-content-style":"default","site-sidebar-style":"default","ast-global-header-display":"","ast-banner-title-visibility":"","ast-main-header-display":"","ast-hfb-above-header-display":"","ast-hfb-below-header-display":"","ast-hfb-mobile-header-display":"","site-post-title":"","ast-breadcrumbs-content":"","ast-featured-img":"","footer-sml-layout":"","ast-disable-related-posts":"","theme-transparent-header-meta":"default","adv-header-id-meta":"","stick-header-meta":"default","header-above-stick-meta":"","header-main-stick-meta":"","header-below-stick-meta":"","astra-migrate-meta-layouts":"default","ast-page-background-enabled":"default","ast-page-background-meta":{"desktop":{"background-color":"var(--ast-global-color-4)","background-image":"","background-repeat":"repeat","background-position":"center center","background-size":"auto","background-attachment":"scroll","background-type":"","background-media":"","overlay-type":"","overlay-color":"","overlay-opacity":"","overlay-gradient":""},"tablet":{"background-color":"","background-image":"","background-repeat":"repeat","background-position":"center center","background-size":"auto","background-attachment":"scroll","background-type":"","background-media":"","overlay-type":"","overlay-color":"","overlay-opacity":"","overlay-gradient":""},"mobile":{"background-color":"","background-image":"","background-repeat":"repeat","background-position":"center center","background-size":"auto","background-attachment":"scroll","background-type":"","background-media":"","overlay-type":"","overlay-color":"","overlay-opacity":"","overlay-gradient":""}},"ast-content-background-meta":{"desktop":{"background-color":"var(--ast-global-color-5)","background-image":"","background-repeat":"repeat","background-position":"center center","background-size":"auto","background-attachment":"scroll","background-type":"","background-media":"","overlay-type":"","overlay-color":"","overlay-opacity":"","overlay-gradient":""},"tablet":{"background-color":"var(--ast-global-color-5)","background-image":"","background-repeat":"repeat","background-position":"center center","background-size":"auto","background-attachment":"scroll","background-type":"","background-media":"","overlay-type":"","overlay-color":"","overlay-opacity":"","overlay-gradient":""},"mobile":{"background-color":"var(--ast-global-color-5)","background-image":"","background-repeat":"repeat","background-position":"center center","background-size":"auto","background-attachment":"scroll","background-type":"","background-media":"","overlay-type":"","overlay-color":"","overlay-opacity":"","overlay-gradient":""}}},"product_cat":[329],"product_tag":[],"class_list":{"0":"post-4631","1":"product","2":"type-product","3":"status-publish","4":"has-post-thumbnail","6":"product_cat-atelier","7":"pa_back-clousure-low-back","8":"pa_back-clousure-v-back","9":"pa_detaling-with-detachable-overskirt","10":"pa_detaling-with-slit","11":"pa_dress-length-floor-length","12":"pa_fabric-fully-beaded","13":"pa_fabric-lace","14":"pa_fabric-sparkle","15":"pa_fabric-tulle","16":"pa_neckline-off-shoulder","17":"pa_neckline-square","18":"pa_neckline-strapless","19":"pa_silhouette-fitted-with-overskirt","20":"pa_sleeve-illusion","21":"pa_sleeve-long-fitted","22":"pa_style-classy","23":"pa_style-modern","24":"pa_style-sexy","25":"pa_style-vintage","26":"pa_train-cathedral","27":"pa_train-with-train","28":"desktop-align-left","29":"tablet-align-left","30":"mobile-align-left","31":"ast-product-gallery-layout-first-image-large","32":"ast-magnify-disabled","34":"first","35":"instock","36":"shipping-taxable","37":"product-type-simple"},"_links":{"self":[{"href":"https:\/\/wonabridal.com\/es\/wp-json\/wp\/v2\/product\/4631","targetHints":{"allow":["GET"]}}],"collection":[{"href":"https:\/\/wonabridal.com\/es\/wp-json\/wp\/v2\/product"}],"about":[{"href":"https:\/\/wonabridal.com\/es\/wp-json\/wp\/v2\/types\/product"}],"wp:featuredmedia":[{"embeddable":true,"href":"https:\/\/wonabridal.com\/es\/wp-json\/wp\/v2\/media\/4771"}],"wp:attachment":[{"href":"https:\/\/wonabridal.com\/es\/wp-json\/wp\/v2\/media?parent=4631"}],"wp:term":[{"taxonomy":"product_cat","embeddable":true,"href":"https:\/\/wonabridal.com\/es\/wp-json\/wp\/v2\/product_cat?post=4631"},{"taxonomy":"product_tag","embeddable":true,"href":"https:\/\/wonabridal.com\/es\/wp-json\/wp\/v2\/product_tag?post=4631"}],"curies":[{"name":"wp","href":"https:\/\/api.w.org\/{rel}","templated":true}]}}