{"id":4617,"date":"2023-03-22T00:01:12","date_gmt":"2023-03-22T00:01:12","guid":{"rendered":"https:\/\/wonabridal.com\/?post_type=product&#038;p=4617"},"modified":"2024-12-09T20:10:59","modified_gmt":"2024-12-09T20:10:59","slug":"scandi","status":"publish","type":"product","link":"https:\/\/wonabridal.com\/es\/producto\/scandi\/","title":{"rendered":"Escandinavo"},"content":{"rendered":"","protected":false},"excerpt":{"rendered":"<p>Brilla m\u00e1s que las estrellas con nuestro vestido de novia escandinavo. La impresionante parte superior de hombros descubiertos con un profundo escote con pu\u00f1o de impresionante encaje floral con cuentas a\u00f1ade un toque de encanto junto con las largas mangas brillantes de ilusi\u00f3n. Una elegante falda de tubo con panel drapeado en la cintura alarga la silueta, mientras que una espectacular sobrefalda con cola catedral te har\u00e1 sentir como una aut\u00e9ntica reina.<\/p>","protected":false},"featured_media":4693,"template":"","meta":{"site-sidebar-layout":"default","site-content-layout":"default","ast-site-content-layout":"default","site-content-style":"default","site-sidebar-style":"default","ast-global-header-display":"","ast-banner-title-visibility":"","ast-main-header-display":"","ast-hfb-above-header-display":"","ast-hfb-below-header-display":"","ast-hfb-mobile-header-display":"","site-post-title":"","ast-breadcrumbs-content":"","ast-featured-img":"","footer-sml-layout":"","ast-disable-related-posts":"","theme-transparent-header-meta":"default","adv-header-id-meta":"","stick-header-meta":"default","header-above-stick-meta":"","header-main-stick-meta":"","header-below-stick-meta":"","astra-migrate-meta-layouts":"set","ast-page-background-enabled":"default","ast-page-background-meta":{"desktop":{"background-color":"var(--ast-global-color-4)","background-image":"","background-repeat":"repeat","background-position":"center center","background-size":"auto","background-attachment":"scroll","background-type":"","background-media":"","overlay-type":"","overlay-color":"","overlay-opacity":"","overlay-gradient":""},"tablet":{"background-color":"","background-image":"","background-repeat":"repeat","background-position":"center center","background-size":"auto","background-attachment":"scroll","background-type":"","background-media":"","overlay-type":"","overlay-color":"","overlay-opacity":"","overlay-gradient":""},"mobile":{"background-color":"","background-image":"","background-repeat":"repeat","background-position":"center center","background-size":"auto","background-attachment":"scroll","background-type":"","background-media":"","overlay-type":"","overlay-color":"","overlay-opacity":"","overlay-gradient":""}},"ast-content-background-meta":{"desktop":{"background-color":"var(--ast-global-color-5)","background-image":"","background-repeat":"repeat","background-position":"center center","background-size":"auto","background-attachment":"scroll","background-type":"","background-media":"","overlay-type":"","overlay-color":"","overlay-opacity":"","overlay-gradient":""},"tablet":{"background-color":"var(--ast-global-color-5)","background-image":"","background-repeat":"repeat","background-position":"center center","background-size":"auto","background-attachment":"scroll","background-type":"","background-media":"","overlay-type":"","overlay-color":"","overlay-opacity":"","overlay-gradient":""},"mobile":{"background-color":"var(--ast-global-color-5)","background-image":"","background-repeat":"repeat","background-position":"center center","background-size":"auto","background-attachment":"scroll","background-type":"","background-media":"","overlay-type":"","overlay-color":"","overlay-opacity":"","overlay-gradient":""}}},"product_cat":[328],"product_tag":[],"class_list":{"0":"post-4617","1":"product","2":"type-product","3":"status-publish","4":"has-post-thumbnail","6":"product_cat-less-is-more-2023","7":"pa_back-clousure-low-back","8":"pa_back-clousure-v-back","9":"pa_detaling-with-detachable-overskirt","10":"pa_detaling-with-detachable-sleeves","11":"pa_dress-length-floor-length","12":"pa_fabric-lace","13":"pa_fabric-satin","14":"pa_fabric-sparkle","15":"pa_neckline-off-shoulder","16":"pa_neckline-v-neck","17":"pa_silhouette-fitted-with-overskirt","18":"pa_sleeve-illusion","19":"pa_sleeve-long-fitted","20":"pa_style-modern","21":"pa_style-sexy","22":"pa_style-vintage","23":"pa_train-cathedral","24":"pa_train-with-train","25":"hover-video","26":"desktop-align-left","27":"tablet-align-left","28":"mobile-align-left","29":"ast-product-gallery-layout-first-image-large","30":"ast-magnify-disabled","32":"first","33":"instock","34":"shipping-taxable","35":"product-type-simple"},"_links":{"self":[{"href":"https:\/\/wonabridal.com\/es\/wp-json\/wp\/v2\/product\/4617","targetHints":{"allow":["GET"]}}],"collection":[{"href":"https:\/\/wonabridal.com\/es\/wp-json\/wp\/v2\/product"}],"about":[{"href":"https:\/\/wonabridal.com\/es\/wp-json\/wp\/v2\/types\/product"}],"wp:featuredmedia":[{"embeddable":true,"href":"https:\/\/wonabridal.com\/es\/wp-json\/wp\/v2\/media\/4693"}],"wp:attachment":[{"href":"https:\/\/wonabridal.com\/es\/wp-json\/wp\/v2\/media?parent=4617"}],"wp:term":[{"taxonomy":"product_cat","embeddable":true,"href":"https:\/\/wonabridal.com\/es\/wp-json\/wp\/v2\/product_cat?post=4617"},{"taxonomy":"product_tag","embeddable":true,"href":"https:\/\/wonabridal.com\/es\/wp-json\/wp\/v2\/product_tag?post=4617"}],"curies":[{"name":"wp","href":"https:\/\/api.w.org\/{rel}","templated":true}]}}