{"id":3434,"date":"2022-10-02T23:49:35","date_gmt":"2022-10-02T23:49:35","guid":{"rendered":"https:\/\/wonabridal.com\/?post_type=product&#038;p=3434"},"modified":"2024-12-09T20:10:42","modified_gmt":"2024-12-09T20:10:42","slug":"primrose","status":"publish","type":"product","link":"https:\/\/wonabridal.com\/es\/producto\/primrose\/","title":{"rendered":"Primrose"},"content":{"rendered":"","protected":false},"excerpt":{"rendered":"<p>Primrose es un rom\u00e1ntico vestido de novia de l\u00ednea a confeccionado en encantador tul marfil con flores de encaje de gran tama\u00f1o que presenta un corpi\u00f1o semilusionado con escote en V pronunciado y delicados tirantes que se adelgazan gradualmente. El vestido, con mangas farol fruncidas, puede complementarse con un exquisito bolero transl\u00facido. El cors\u00e9 se une a la voluptuosa falda de tul con los mismos apliques florales, completada con una cola en punta.<\/p>","protected":false},"featured_media":3435,"template":"","meta":{"site-sidebar-layout":"default","site-content-layout":"default","ast-site-content-layout":"default","site-content-style":"default","site-sidebar-style":"default","ast-global-header-display":"","ast-banner-title-visibility":"","ast-main-header-display":"","ast-hfb-above-header-display":"","ast-hfb-below-header-display":"","ast-hfb-mobile-header-display":"","site-post-title":"","ast-breadcrumbs-content":"","ast-featured-img":"","footer-sml-layout":"","ast-disable-related-posts":"","theme-transparent-header-meta":"default","adv-header-id-meta":"","stick-header-meta":"default","header-above-stick-meta":"","header-main-stick-meta":"","header-below-stick-meta":"","astra-migrate-meta-layouts":"default","ast-page-background-enabled":"default","ast-page-background-meta":{"desktop":{"background-color":"var(--ast-global-color-4)","background-image":"","background-repeat":"repeat","background-position":"center center","background-size":"auto","background-attachment":"scroll","background-type":"","background-media":"","overlay-type":"","overlay-color":"","overlay-opacity":"","overlay-gradient":""},"tablet":{"background-color":"","background-image":"","background-repeat":"repeat","background-position":"center center","background-size":"auto","background-attachment":"scroll","background-type":"","background-media":"","overlay-type":"","overlay-color":"","overlay-opacity":"","overlay-gradient":""},"mobile":{"background-color":"","background-image":"","background-repeat":"repeat","background-position":"center center","background-size":"auto","background-attachment":"scroll","background-type":"","background-media":"","overlay-type":"","overlay-color":"","overlay-opacity":"","overlay-gradient":""}},"ast-content-background-meta":{"desktop":{"background-color":"var(--ast-global-color-5)","background-image":"","background-repeat":"repeat","background-position":"center center","background-size":"auto","background-attachment":"scroll","background-type":"","background-media":"","overlay-type":"","overlay-color":"","overlay-opacity":"","overlay-gradient":""},"tablet":{"background-color":"var(--ast-global-color-5)","background-image":"","background-repeat":"repeat","background-position":"center center","background-size":"auto","background-attachment":"scroll","background-type":"","background-media":"","overlay-type":"","overlay-color":"","overlay-opacity":"","overlay-gradient":""},"mobile":{"background-color":"var(--ast-global-color-5)","background-image":"","background-repeat":"repeat","background-position":"center center","background-size":"auto","background-attachment":"scroll","background-type":"","background-media":"","overlay-type":"","overlay-color":"","overlay-opacity":"","overlay-gradient":""}}},"product_cat":[214],"product_tag":[],"class_list":{"0":"post-3434","1":"product","2":"type-product","3":"status-publish","4":"has-post-thumbnail","6":"product_cat-made-4-love","7":"pa_back-clousure-low-back","8":"pa_back-clousure-v-back","9":"pa_detaling-with-detachable-sleeves","10":"pa_dress-length-floor-length","11":"pa_fabric-3d-lace","12":"pa_fabric-lace","13":"pa_fabric-tulle","14":"pa_neckline-v-neck","15":"pa_silhouette-a-line","16":"pa_sleeve-bell","17":"pa_sleeve-illusion","18":"pa_sleeve-straps","19":"pa_style-boho","20":"pa_style-modern","21":"pa_style-romantic","22":"pa_style-vintage","23":"pa_train-cathedral","24":"pa_train-with-train","25":"desktop-align-left","26":"tablet-align-left","27":"mobile-align-left","28":"ast-product-gallery-layout-first-image-large","29":"ast-magnify-disabled","31":"first","32":"instock","33":"shipping-taxable","34":"product-type-simple"},"_links":{"self":[{"href":"https:\/\/wonabridal.com\/es\/wp-json\/wp\/v2\/product\/3434","targetHints":{"allow":["GET"]}}],"collection":[{"href":"https:\/\/wonabridal.com\/es\/wp-json\/wp\/v2\/product"}],"about":[{"href":"https:\/\/wonabridal.com\/es\/wp-json\/wp\/v2\/types\/product"}],"wp:featuredmedia":[{"embeddable":true,"href":"https:\/\/wonabridal.com\/es\/wp-json\/wp\/v2\/media\/3435"}],"wp:attachment":[{"href":"https:\/\/wonabridal.com\/es\/wp-json\/wp\/v2\/media?parent=3434"}],"wp:term":[{"taxonomy":"product_cat","embeddable":true,"href":"https:\/\/wonabridal.com\/es\/wp-json\/wp\/v2\/product_cat?post=3434"},{"taxonomy":"product_tag","embeddable":true,"href":"https:\/\/wonabridal.com\/es\/wp-json\/wp\/v2\/product_tag?post=3434"}],"curies":[{"name":"wp","href":"https:\/\/api.w.org\/{rel}","templated":true}]}}