{"id":3358,"date":"2022-10-02T23:45:49","date_gmt":"2022-10-02T23:45:49","guid":{"rendered":"https:\/\/wonabridal.com\/?post_type=product&#038;p=3358"},"modified":"2026-05-01T14:17:57","modified_gmt":"2026-05-01T14:17:57","slug":"alessia","status":"publish","type":"product","link":"https:\/\/wonabridal.com\/es\/producto\/alessia\/","title":{"rendered":"Alessia"},"content":{"rendered":"","protected":false},"excerpt":{"rendered":"<p>Seductor y rom\u00e1ntico, este vestido de novia de sat\u00e9n de l\u00ednea A presenta un cors\u00e9 drapeado sin tirantes en punta con varillas a la vista y una voluminosa falda plisada con abertura hasta el muslo. Combinado con una capa de tul semitransparente a juego con estampado de lunares, el vestido resulta a\u00fan m\u00e1s fr\u00e1gil.<\/p>","protected":false},"featured_media":3359,"template":"","meta":{"site-sidebar-layout":"default","site-content-layout":"default","ast-site-content-layout":"default","site-content-style":"default","site-sidebar-style":"default","ast-global-header-display":"","ast-banner-title-visibility":"","ast-main-header-display":"","ast-hfb-above-header-display":"","ast-hfb-below-header-display":"","ast-hfb-mobile-header-display":"","site-post-title":"","ast-breadcrumbs-content":"","ast-featured-img":"","footer-sml-layout":"","ast-disable-related-posts":"","theme-transparent-header-meta":"default","adv-header-id-meta":"","stick-header-meta":"default","header-above-stick-meta":"","header-main-stick-meta":"","header-below-stick-meta":"","astra-migrate-meta-layouts":"default","ast-page-background-enabled":"default","ast-page-background-meta":{"desktop":{"background-color":"var(--ast-global-color-4)","background-image":"","background-repeat":"repeat","background-position":"center center","background-size":"auto","background-attachment":"scroll","background-type":"","background-media":"","overlay-type":"","overlay-color":"","overlay-opacity":"","overlay-gradient":""},"tablet":{"background-color":"","background-image":"","background-repeat":"repeat","background-position":"center center","background-size":"auto","background-attachment":"scroll","background-type":"","background-media":"","overlay-type":"","overlay-color":"","overlay-opacity":"","overlay-gradient":""},"mobile":{"background-color":"","background-image":"","background-repeat":"repeat","background-position":"center center","background-size":"auto","background-attachment":"scroll","background-type":"","background-media":"","overlay-type":"","overlay-color":"","overlay-opacity":"","overlay-gradient":""}},"ast-content-background-meta":{"desktop":{"background-color":"var(--ast-global-color-5)","background-image":"","background-repeat":"repeat","background-position":"center center","background-size":"auto","background-attachment":"scroll","background-type":"","background-media":"","overlay-type":"","overlay-color":"","overlay-opacity":"","overlay-gradient":""},"tablet":{"background-color":"var(--ast-global-color-5)","background-image":"","background-repeat":"repeat","background-position":"center center","background-size":"auto","background-attachment":"scroll","background-type":"","background-media":"","overlay-type":"","overlay-color":"","overlay-opacity":"","overlay-gradient":""},"mobile":{"background-color":"var(--ast-global-color-5)","background-image":"","background-repeat":"repeat","background-position":"center center","background-size":"auto","background-attachment":"scroll","background-type":"","background-media":"","overlay-type":"","overlay-color":"","overlay-opacity":"","overlay-gradient":""}}},"product_cat":[214],"product_tag":[],"class_list":{"0":"post-3358","1":"product","2":"type-product","3":"status-publish","4":"has-post-thumbnail","6":"product_cat-made-4-love","7":"pa_back-clousure-straight","8":"pa_detaling-with-detachable-sleeves","9":"pa_detaling-with-slit","10":"pa_dress-length-floor-length","11":"pa_fabric-mikado-silk","12":"pa_fabric-sparkle","13":"pa_fabric-tulle","14":"pa_neckline-square","15":"pa_neckline-strapless","16":"pa_silhouette-a-line","17":"pa_sleeve-no-sleeves","18":"pa_style-classy","19":"pa_style-minimalist","20":"pa_style-modern","21":"pa_style-vintage","22":"pa_train-cathedral","23":"pa_train-with-train","24":"desktop-align-left","25":"tablet-align-left","26":"mobile-align-left","27":"ast-product-gallery-layout-first-image-large","28":"ast-magnify-disabled","30":"first","31":"instock","32":"featured","33":"shipping-taxable","34":"product-type-simple"},"_links":{"self":[{"href":"https:\/\/wonabridal.com\/es\/wp-json\/wp\/v2\/product\/3358","targetHints":{"allow":["GET"]}}],"collection":[{"href":"https:\/\/wonabridal.com\/es\/wp-json\/wp\/v2\/product"}],"about":[{"href":"https:\/\/wonabridal.com\/es\/wp-json\/wp\/v2\/types\/product"}],"wp:featuredmedia":[{"embeddable":true,"href":"https:\/\/wonabridal.com\/es\/wp-json\/wp\/v2\/media\/3359"}],"wp:attachment":[{"href":"https:\/\/wonabridal.com\/es\/wp-json\/wp\/v2\/media?parent=3358"}],"wp:term":[{"taxonomy":"product_cat","embeddable":true,"href":"https:\/\/wonabridal.com\/es\/wp-json\/wp\/v2\/product_cat?post=3358"},{"taxonomy":"product_tag","embeddable":true,"href":"https:\/\/wonabridal.com\/es\/wp-json\/wp\/v2\/product_tag?post=3358"}],"curies":[{"name":"wp","href":"https:\/\/api.w.org\/{rel}","templated":true}]}}