{"id":10368,"date":"2025-09-15T18:47:42","date_gmt":"2025-09-15T18:47:42","guid":{"rendered":"https:\/\/wonabridal.com\/?post_type=product&#038;p=10368"},"modified":"2026-03-25T13:35:43","modified_gmt":"2026-03-25T13:35:43","slug":"verity","status":"publish","type":"product","link":"https:\/\/wonabridal.com\/es\/producto\/verity\/","title":{"rendered":"Verity"},"content":{"rendered":"","protected":false},"excerpt":{"rendered":"<p>Un elegante vestido de silueta en A con un rom\u00e1ntico escote coraz\u00f3n. El cors\u00e9 est\u00e1 bellamente adornado con encaje, a\u00f1adiendo un toque de sofisticaci\u00f3n. Las delicadas mangas largas se cierran con botones en los pu\u00f1os y tambi\u00e9n est\u00e1n adornadas con encaje para un acabado exquisito.<\/p>\n<p>Una malla ilusi\u00f3n en tono nude realza sutilmente el escote. Una combinaci\u00f3n de delicados botones y un cierre de cordones tipo cors\u00e9 garantizan un ajuste perfecto. El encaje cae en cascada sobre la falda, aportando un toque et\u00e9reo y de ensue\u00f1o.<\/p>","protected":false},"featured_media":10369,"template":"","meta":{"site-sidebar-layout":"default","site-content-layout":"","ast-site-content-layout":"default","site-content-style":"default","site-sidebar-style":"default","ast-global-header-display":"","ast-banner-title-visibility":"","ast-main-header-display":"","ast-hfb-above-header-display":"","ast-hfb-below-header-display":"","ast-hfb-mobile-header-display":"","site-post-title":"","ast-breadcrumbs-content":"","ast-featured-img":"","footer-sml-layout":"","ast-disable-related-posts":"","theme-transparent-header-meta":"","adv-header-id-meta":"","stick-header-meta":"","header-above-stick-meta":"","header-main-stick-meta":"","header-below-stick-meta":"","astra-migrate-meta-layouts":"default","ast-page-background-enabled":"default","ast-page-background-meta":{"desktop":{"background-color":"var(--ast-global-color-4)","background-image":"","background-repeat":"repeat","background-position":"center center","background-size":"auto","background-attachment":"scroll","background-type":"","background-media":"","overlay-type":"","overlay-color":"","overlay-opacity":"","overlay-gradient":""},"tablet":{"background-color":"","background-image":"","background-repeat":"repeat","background-position":"center center","background-size":"auto","background-attachment":"scroll","background-type":"","background-media":"","overlay-type":"","overlay-color":"","overlay-opacity":"","overlay-gradient":""},"mobile":{"background-color":"","background-image":"","background-repeat":"repeat","background-position":"center center","background-size":"auto","background-attachment":"scroll","background-type":"","background-media":"","overlay-type":"","overlay-color":"","overlay-opacity":"","overlay-gradient":""}},"ast-content-background-meta":{"desktop":{"background-color":"var(--ast-global-color-5)","background-image":"","background-repeat":"repeat","background-position":"center center","background-size":"auto","background-attachment":"scroll","background-type":"","background-media":"","overlay-type":"","overlay-color":"","overlay-opacity":"","overlay-gradient":""},"tablet":{"background-color":"var(--ast-global-color-5)","background-image":"","background-repeat":"repeat","background-position":"center center","background-size":"auto","background-attachment":"scroll","background-type":"","background-media":"","overlay-type":"","overlay-color":"","overlay-opacity":"","overlay-gradient":""},"mobile":{"background-color":"var(--ast-global-color-5)","background-image":"","background-repeat":"repeat","background-position":"center center","background-size":"auto","background-attachment":"scroll","background-type":"","background-media":"","overlay-type":"","overlay-color":"","overlay-opacity":"","overlay-gradient":""}}},"product_cat":[494],"product_tag":[],"class_list":{"0":"post-10368","1":"product","2":"type-product","3":"status-publish","4":"has-post-thumbnail","6":"product_cat-bridal-alchemy","7":"pa_back-clousure-lacing","8":"pa_back-clousure-straight","9":"pa_back-clousure-corset-back","10":"pa_detaling-with-corset","11":"pa_dress-length-floor-length","12":"pa_fabric-lace","13":"pa_fabric-tulle","14":"pa_neckline-sweetheart","15":"pa_silhouette-a-line","16":"pa_sleeve-illusion","17":"pa_sleeve-long-fitted","18":"pa_style-boho","19":"pa_style-romantic","20":"pa_train-cathedral","21":"pa_train-with-train","22":"desktop-align-left","23":"tablet-align-left","24":"mobile-align-left","25":"ast-product-gallery-layout-first-image-large","26":"ast-magnify-disabled","28":"first","29":"instock","30":"shipping-taxable","31":"product-type-simple"},"_links":{"self":[{"href":"https:\/\/wonabridal.com\/es\/wp-json\/wp\/v2\/product\/10368","targetHints":{"allow":["GET"]}}],"collection":[{"href":"https:\/\/wonabridal.com\/es\/wp-json\/wp\/v2\/product"}],"about":[{"href":"https:\/\/wonabridal.com\/es\/wp-json\/wp\/v2\/types\/product"}],"wp:featuredmedia":[{"embeddable":true,"href":"https:\/\/wonabridal.com\/es\/wp-json\/wp\/v2\/media\/10369"}],"wp:attachment":[{"href":"https:\/\/wonabridal.com\/es\/wp-json\/wp\/v2\/media?parent=10368"}],"wp:term":[{"taxonomy":"product_cat","embeddable":true,"href":"https:\/\/wonabridal.com\/es\/wp-json\/wp\/v2\/product_cat?post=10368"},{"taxonomy":"product_tag","embeddable":true,"href":"https:\/\/wonabridal.com\/es\/wp-json\/wp\/v2\/product_tag?post=10368"}],"curies":[{"name":"wp","href":"https:\/\/api.w.org\/{rel}","templated":true}]}}