{"id":10209,"date":"2025-09-15T18:44:57","date_gmt":"2025-09-15T18:44:57","guid":{"rendered":"https:\/\/wonabridal.com\/?post_type=product&#038;p=10209"},"modified":"2025-09-15T18:45:04","modified_gmt":"2025-09-15T18:45:04","slug":"sparta","status":"publish","type":"product","link":"https:\/\/wonabridal.com\/es\/producto\/sparta\/","title":{"rendered":"Sparta"},"content":{"rendered":"","protected":false},"excerpt":{"rendered":"<p>Sparta es un llamativo conjunto de dos piezas que incluye un elegante slip dress combinado con una sofisticada americana. El blazer estructurado, confeccionado en sat\u00e9n grueso, tiene unos hombros atrevidos y est\u00e1 adornado con perlas de varios tama\u00f1os que crean una textura lujosa y llamativa. Se abrocha con corchetes ocultos e incluye cremalleras en las mangas; d\u00e9jalas desabrochadas para conseguir un look m\u00e1s espectacular y voluminoso.<br \/>\nEl slip dress est\u00e1 confeccionado en sat\u00e9n ligero que fluye con elegancia a lo largo del cuerpo. Presenta una atrevida abertura alta y una espalda abierta, equilibrada por una sutil cola que a\u00f1ade un elegante acabado. Refinado pero atrevido, Sparta est\u00e1 hecho para las musas modernas que dominan el espacio. <\/p>","protected":false},"featured_media":10210,"template":"","meta":{"site-sidebar-layout":"default","site-content-layout":"","ast-site-content-layout":"default","site-content-style":"default","site-sidebar-style":"default","ast-global-header-display":"","ast-banner-title-visibility":"","ast-main-header-display":"","ast-hfb-above-header-display":"","ast-hfb-below-header-display":"","ast-hfb-mobile-header-display":"","site-post-title":"","ast-breadcrumbs-content":"","ast-featured-img":"","footer-sml-layout":"","ast-disable-related-posts":"","theme-transparent-header-meta":"","adv-header-id-meta":"","stick-header-meta":"","header-above-stick-meta":"","header-main-stick-meta":"","header-below-stick-meta":"","astra-migrate-meta-layouts":"default","ast-page-background-enabled":"default","ast-page-background-meta":{"desktop":{"background-color":"var(--ast-global-color-4)","background-image":"","background-repeat":"repeat","background-position":"center center","background-size":"auto","background-attachment":"scroll","background-type":"","background-media":"","overlay-type":"","overlay-color":"","overlay-opacity":"","overlay-gradient":""},"tablet":{"background-color":"","background-image":"","background-repeat":"repeat","background-position":"center center","background-size":"auto","background-attachment":"scroll","background-type":"","background-media":"","overlay-type":"","overlay-color":"","overlay-opacity":"","overlay-gradient":""},"mobile":{"background-color":"","background-image":"","background-repeat":"repeat","background-position":"center center","background-size":"auto","background-attachment":"scroll","background-type":"","background-media":"","overlay-type":"","overlay-color":"","overlay-opacity":"","overlay-gradient":""}},"ast-content-background-meta":{"desktop":{"background-color":"var(--ast-global-color-5)","background-image":"","background-repeat":"repeat","background-position":"center center","background-size":"auto","background-attachment":"scroll","background-type":"","background-media":"","overlay-type":"","overlay-color":"","overlay-opacity":"","overlay-gradient":""},"tablet":{"background-color":"var(--ast-global-color-5)","background-image":"","background-repeat":"repeat","background-position":"center center","background-size":"auto","background-attachment":"scroll","background-type":"","background-media":"","overlay-type":"","overlay-color":"","overlay-opacity":"","overlay-gradient":""},"mobile":{"background-color":"var(--ast-global-color-5)","background-image":"","background-repeat":"repeat","background-position":"center center","background-size":"auto","background-attachment":"scroll","background-type":"","background-media":"","overlay-type":"","overlay-color":"","overlay-opacity":"","overlay-gradient":""}}},"product_cat":[492],"product_tag":[],"class_list":{"0":"post-10209","1":"product","2":"type-product","3":"status-publish","4":"has-post-thumbnail","6":"product_cat-amore-in-fiore","7":"pa_back-clousure-low-back","8":"pa_detaling-with-shoulder-pads","9":"pa_detaling-with-slit","10":"pa_detaling-with-jacket","11":"pa_dress-length-floor-length","12":"pa_fabric-satin","13":"pa_fabric-pearls","14":"pa_neckline-v-neck","15":"pa_neckline-straps","16":"pa_silhouette-sheath","17":"pa_sleeve-long-fitted","18":"pa_sleeve-straps","19":"pa_style-classy","20":"pa_style-modern","21":"pa_train-no-train","22":"desktop-align-left","23":"tablet-align-left","24":"mobile-align-left","25":"ast-product-gallery-layout-first-image-large","26":"ast-magnify-disabled","28":"first","29":"instock","30":"shipping-taxable","31":"product-type-simple"},"_links":{"self":[{"href":"https:\/\/wonabridal.com\/es\/wp-json\/wp\/v2\/product\/10209","targetHints":{"allow":["GET"]}}],"collection":[{"href":"https:\/\/wonabridal.com\/es\/wp-json\/wp\/v2\/product"}],"about":[{"href":"https:\/\/wonabridal.com\/es\/wp-json\/wp\/v2\/types\/product"}],"wp:featuredmedia":[{"embeddable":true,"href":"https:\/\/wonabridal.com\/es\/wp-json\/wp\/v2\/media\/10210"}],"wp:attachment":[{"href":"https:\/\/wonabridal.com\/es\/wp-json\/wp\/v2\/media?parent=10209"}],"wp:term":[{"taxonomy":"product_cat","embeddable":true,"href":"https:\/\/wonabridal.com\/es\/wp-json\/wp\/v2\/product_cat?post=10209"},{"taxonomy":"product_tag","embeddable":true,"href":"https:\/\/wonabridal.com\/es\/wp-json\/wp\/v2\/product_tag?post=10209"}],"curies":[{"name":"wp","href":"https:\/\/api.w.org\/{rel}","templated":true}]}}