{"id":10184,"date":"2025-09-15T18:44:38","date_gmt":"2025-09-15T18:44:38","guid":{"rendered":"https:\/\/wonabridal.com\/?post_type=product&#038;p=10184"},"modified":"2025-09-15T18:44:40","modified_gmt":"2025-09-15T18:44:40","slug":"nemesis","status":"publish","type":"product","link":"https:\/\/wonabridal.com\/es\/producto\/nemesis\/","title":{"rendered":"N\u00e9mesis"},"content":{"rendered":"","protected":false},"excerpt":{"rendered":"<p>Un dise\u00f1o atrevido y original que cautiva desde la primera mirada. El vestido Nemesis se compone de dos elementos principales: un body estructurado y una sobrefalda fluida que se anuda elegantemente a la cintura con un llamativo lazo.<br \/>\nTanto el body como la falda est\u00e1n confeccionados en encaje de Chantilly plisado. El body presenta un elegante drapeado en la parte delantera que aporta profundidad y textura. El cors\u00e9 se anuda en la espalda para ofrecer un ajuste regulable y un toque de romanticismo.<br \/>\nLa falda est\u00e1 confeccionada en encaje de Chantilly con una fina textura plisada y se prolonga en una espectacular cola que llega hasta el suelo. Una atrevida abertura alta en la pierna a\u00f1ade un toque llamativo y vanguardista a este sofisticado conjunto, haciendo de Nemesis una elecci\u00f3n perfecta para la novia que quiere hacer una declaraci\u00f3n de intenciones.<\/p>","protected":false},"featured_media":10185,"template":"","meta":{"site-sidebar-layout":"default","site-content-layout":"","ast-site-content-layout":"default","site-content-style":"default","site-sidebar-style":"default","ast-global-header-display":"","ast-banner-title-visibility":"","ast-main-header-display":"","ast-hfb-above-header-display":"","ast-hfb-below-header-display":"","ast-hfb-mobile-header-display":"","site-post-title":"","ast-breadcrumbs-content":"","ast-featured-img":"","footer-sml-layout":"","ast-disable-related-posts":"","theme-transparent-header-meta":"","adv-header-id-meta":"","stick-header-meta":"","header-above-stick-meta":"","header-main-stick-meta":"","header-below-stick-meta":"","astra-migrate-meta-layouts":"default","ast-page-background-enabled":"default","ast-page-background-meta":{"desktop":{"background-color":"var(--ast-global-color-4)","background-image":"","background-repeat":"repeat","background-position":"center center","background-size":"auto","background-attachment":"scroll","background-type":"","background-media":"","overlay-type":"","overlay-color":"","overlay-opacity":"","overlay-gradient":""},"tablet":{"background-color":"","background-image":"","background-repeat":"repeat","background-position":"center center","background-size":"auto","background-attachment":"scroll","background-type":"","background-media":"","overlay-type":"","overlay-color":"","overlay-opacity":"","overlay-gradient":""},"mobile":{"background-color":"","background-image":"","background-repeat":"repeat","background-position":"center center","background-size":"auto","background-attachment":"scroll","background-type":"","background-media":"","overlay-type":"","overlay-color":"","overlay-opacity":"","overlay-gradient":""}},"ast-content-background-meta":{"desktop":{"background-color":"var(--ast-global-color-5)","background-image":"","background-repeat":"repeat","background-position":"center center","background-size":"auto","background-attachment":"scroll","background-type":"","background-media":"","overlay-type":"","overlay-color":"","overlay-opacity":"","overlay-gradient":""},"tablet":{"background-color":"var(--ast-global-color-5)","background-image":"","background-repeat":"repeat","background-position":"center center","background-size":"auto","background-attachment":"scroll","background-type":"","background-media":"","overlay-type":"","overlay-color":"","overlay-opacity":"","overlay-gradient":""},"mobile":{"background-color":"var(--ast-global-color-5)","background-image":"","background-repeat":"repeat","background-position":"center center","background-size":"auto","background-attachment":"scroll","background-type":"","background-media":"","overlay-type":"","overlay-color":"","overlay-opacity":"","overlay-gradient":""}}},"product_cat":[492],"product_tag":[],"class_list":{"0":"post-10184","1":"product","2":"type-product","3":"status-publish","4":"has-post-thumbnail","6":"product_cat-amore-in-fiore","7":"pa_back-clousure-lacing","8":"pa_back-clousure-straight","9":"pa_back-clousure-corset-back","10":"pa_detaling-with-detachable-overskirt","11":"pa_detaling-with-slit","12":"pa_detaling-with-corset","13":"pa_dress-length-floor-length","14":"pa_fabric-lace","15":"pa_fabric-tulle","16":"pa_neckline-strapless","17":"pa_neckline-sweetheart","18":"pa_silhouette-sheath","19":"pa_sleeve-no-sleeves","20":"pa_style-modern","21":"pa_style-sexy","22":"pa_train-chapel","23":"pa_train-with-train","24":"desktop-align-left","25":"tablet-align-left","26":"mobile-align-left","27":"ast-product-gallery-layout-first-image-large","28":"ast-magnify-disabled","30":"first","31":"instock","32":"shipping-taxable","33":"product-type-simple"},"_links":{"self":[{"href":"https:\/\/wonabridal.com\/es\/wp-json\/wp\/v2\/product\/10184","targetHints":{"allow":["GET"]}}],"collection":[{"href":"https:\/\/wonabridal.com\/es\/wp-json\/wp\/v2\/product"}],"about":[{"href":"https:\/\/wonabridal.com\/es\/wp-json\/wp\/v2\/types\/product"}],"wp:featuredmedia":[{"embeddable":true,"href":"https:\/\/wonabridal.com\/es\/wp-json\/wp\/v2\/media\/10185"}],"wp:attachment":[{"href":"https:\/\/wonabridal.com\/es\/wp-json\/wp\/v2\/media?parent=10184"}],"wp:term":[{"taxonomy":"product_cat","embeddable":true,"href":"https:\/\/wonabridal.com\/es\/wp-json\/wp\/v2\/product_cat?post=10184"},{"taxonomy":"product_tag","embeddable":true,"href":"https:\/\/wonabridal.com\/es\/wp-json\/wp\/v2\/product_tag?post=10184"}],"curies":[{"name":"wp","href":"https:\/\/api.w.org\/{rel}","templated":true}]}}