{"id":10169,"date":"2025-09-15T18:44:25","date_gmt":"2025-09-15T18:44:25","guid":{"rendered":"https:\/\/wonabridal.com\/?post_type=product&#038;p=10169"},"modified":"2025-09-15T18:44:27","modified_gmt":"2025-09-15T18:44:27","slug":"graal","status":"publish","type":"product","link":"https:\/\/wonabridal.com\/es\/producto\/graal\/","title":{"rendered":"Graal"},"content":{"rendered":"","protected":false},"excerpt":{"rendered":"<p>El vestido Graal, una cautivadora silueta de sirena confeccionada en encaje brillante, encarna la elegancia y la versatilidad. El vestido principal presenta encaje semitransparente adornado con delicados apliques florales en 3D, que crean un efecto rom\u00e1ntico y et\u00e9reo.<br \/>\nPara un look m\u00e1s estructurado y modesto, el vestido incluye un cors\u00e9 de mikado desmontable y una sobrefalda a juego, que se cierran sin costuras sobre la base. La sobrefalda de mikado incluye una sutil cola que se desliza suavemente por detr\u00e1s, a\u00f1adiendo gracia a cada paso. Este elemento adicional transforma el look en un estilo m\u00e1s cl\u00e1sico y formal.<br \/>\nEste dise\u00f1o dos en uno permite a la novia pasar sin esfuerzo de la ceremonia a la celebraci\u00f3n con un simple cambio de peinado.<\/p>","protected":false},"featured_media":10170,"template":"","meta":{"site-sidebar-layout":"default","site-content-layout":"","ast-site-content-layout":"default","site-content-style":"default","site-sidebar-style":"default","ast-global-header-display":"","ast-banner-title-visibility":"","ast-main-header-display":"","ast-hfb-above-header-display":"","ast-hfb-below-header-display":"","ast-hfb-mobile-header-display":"","site-post-title":"","ast-breadcrumbs-content":"","ast-featured-img":"","footer-sml-layout":"","ast-disable-related-posts":"","theme-transparent-header-meta":"","adv-header-id-meta":"","stick-header-meta":"","header-above-stick-meta":"","header-main-stick-meta":"","header-below-stick-meta":"","astra-migrate-meta-layouts":"default","ast-page-background-enabled":"default","ast-page-background-meta":{"desktop":{"background-color":"var(--ast-global-color-4)","background-image":"","background-repeat":"repeat","background-position":"center center","background-size":"auto","background-attachment":"scroll","background-type":"","background-media":"","overlay-type":"","overlay-color":"","overlay-opacity":"","overlay-gradient":""},"tablet":{"background-color":"","background-image":"","background-repeat":"repeat","background-position":"center center","background-size":"auto","background-attachment":"scroll","background-type":"","background-media":"","overlay-type":"","overlay-color":"","overlay-opacity":"","overlay-gradient":""},"mobile":{"background-color":"","background-image":"","background-repeat":"repeat","background-position":"center center","background-size":"auto","background-attachment":"scroll","background-type":"","background-media":"","overlay-type":"","overlay-color":"","overlay-opacity":"","overlay-gradient":""}},"ast-content-background-meta":{"desktop":{"background-color":"var(--ast-global-color-5)","background-image":"","background-repeat":"repeat","background-position":"center center","background-size":"auto","background-attachment":"scroll","background-type":"","background-media":"","overlay-type":"","overlay-color":"","overlay-opacity":"","overlay-gradient":""},"tablet":{"background-color":"var(--ast-global-color-5)","background-image":"","background-repeat":"repeat","background-position":"center center","background-size":"auto","background-attachment":"scroll","background-type":"","background-media":"","overlay-type":"","overlay-color":"","overlay-opacity":"","overlay-gradient":""},"mobile":{"background-color":"var(--ast-global-color-5)","background-image":"","background-repeat":"repeat","background-position":"center center","background-size":"auto","background-attachment":"scroll","background-type":"","background-media":"","overlay-type":"","overlay-color":"","overlay-opacity":"","overlay-gradient":""}}},"product_cat":[492],"product_tag":[],"class_list":{"0":"post-10169","1":"product","2":"type-product","3":"status-publish","4":"has-post-thumbnail","6":"product_cat-amore-in-fiore","7":"pa_back-clousure-closed","8":"pa_detaling-with-detachable-cape","9":"pa_dress-length-floor-length","10":"pa_fabric-lace","11":"pa_fabric-mikado-silk","12":"pa_neckline-closed","13":"pa_silhouette-fitted-with-overskirt","14":"pa_sleeve-illusion","15":"pa_sleeve-long-fitted","16":"pa_style-modern","17":"pa_style-romantic","18":"pa_train-cathedral","19":"pa_train-with-train","20":"desktop-align-left","21":"tablet-align-left","22":"mobile-align-left","23":"ast-product-gallery-layout-first-image-large","24":"ast-magnify-disabled","26":"first","27":"instock","28":"shipping-taxable","29":"product-type-simple"},"_links":{"self":[{"href":"https:\/\/wonabridal.com\/es\/wp-json\/wp\/v2\/product\/10169","targetHints":{"allow":["GET"]}}],"collection":[{"href":"https:\/\/wonabridal.com\/es\/wp-json\/wp\/v2\/product"}],"about":[{"href":"https:\/\/wonabridal.com\/es\/wp-json\/wp\/v2\/types\/product"}],"wp:featuredmedia":[{"embeddable":true,"href":"https:\/\/wonabridal.com\/es\/wp-json\/wp\/v2\/media\/10170"}],"wp:attachment":[{"href":"https:\/\/wonabridal.com\/es\/wp-json\/wp\/v2\/media?parent=10169"}],"wp:term":[{"taxonomy":"product_cat","embeddable":true,"href":"https:\/\/wonabridal.com\/es\/wp-json\/wp\/v2\/product_cat?post=10169"},{"taxonomy":"product_tag","embeddable":true,"href":"https:\/\/wonabridal.com\/es\/wp-json\/wp\/v2\/product_tag?post=10169"}],"curies":[{"name":"wp","href":"https:\/\/api.w.org\/{rel}","templated":true}]}}