{"id":10162,"date":"2025-09-15T18:44:19","date_gmt":"2025-09-15T18:44:19","guid":{"rendered":"https:\/\/wonabridal.com\/?post_type=product&#038;p=10162"},"modified":"2025-09-15T18:44:24","modified_gmt":"2025-09-15T18:44:24","slug":"fedra","status":"publish","type":"product","link":"https:\/\/wonabridal.com\/es\/producto\/fedra\/","title":{"rendered":"Fedra"},"content":{"rendered":"","protected":false},"excerpt":{"rendered":"<p>El vestido Fedra es una moderna silueta de l\u00ednea A con un toque atemporal, confeccionada en un luminoso mikado en un suave tono marfil claro. Dise\u00f1ado para ofrecer elegancia y comodidad, el vestido cuenta con pr\u00e1cticos bolsillos laterales y una espectacular abertura a la altura del muslo que aporta movimiento y encanto.<br \/>\nEl corpi\u00f1o se anuda en la espalda para un ajuste perfecto y ajustable, y est\u00e1 bellamente acentuado en la cintura con un cintur\u00f3n de cristal brillante. El escote es limpio y atrevido, sin malla ilusi\u00f3n, solo copas esculpidas delicadamente adornadas con un encantador lazo, creando un punto focal suave y rom\u00e1ntico.<br \/>\nUna cola de largo capilla fluye sin esfuerzo por detr\u00e1s, haciendo de Fedra una mezcla perfecta de sofisticaci\u00f3n y alegr\u00eda.<\/p>","protected":false},"featured_media":10163,"template":"","meta":{"site-sidebar-layout":"default","site-content-layout":"","ast-site-content-layout":"default","site-content-style":"default","site-sidebar-style":"default","ast-global-header-display":"","ast-banner-title-visibility":"","ast-main-header-display":"","ast-hfb-above-header-display":"","ast-hfb-below-header-display":"","ast-hfb-mobile-header-display":"","site-post-title":"","ast-breadcrumbs-content":"","ast-featured-img":"","footer-sml-layout":"","ast-disable-related-posts":"","theme-transparent-header-meta":"","adv-header-id-meta":"","stick-header-meta":"","header-above-stick-meta":"","header-main-stick-meta":"","header-below-stick-meta":"","astra-migrate-meta-layouts":"default","ast-page-background-enabled":"default","ast-page-background-meta":{"desktop":{"background-color":"var(--ast-global-color-4)","background-image":"","background-repeat":"repeat","background-position":"center center","background-size":"auto","background-attachment":"scroll","background-type":"","background-media":"","overlay-type":"","overlay-color":"","overlay-opacity":"","overlay-gradient":""},"tablet":{"background-color":"","background-image":"","background-repeat":"repeat","background-position":"center center","background-size":"auto","background-attachment":"scroll","background-type":"","background-media":"","overlay-type":"","overlay-color":"","overlay-opacity":"","overlay-gradient":""},"mobile":{"background-color":"","background-image":"","background-repeat":"repeat","background-position":"center center","background-size":"auto","background-attachment":"scroll","background-type":"","background-media":"","overlay-type":"","overlay-color":"","overlay-opacity":"","overlay-gradient":""}},"ast-content-background-meta":{"desktop":{"background-color":"var(--ast-global-color-5)","background-image":"","background-repeat":"repeat","background-position":"center center","background-size":"auto","background-attachment":"scroll","background-type":"","background-media":"","overlay-type":"","overlay-color":"","overlay-opacity":"","overlay-gradient":""},"tablet":{"background-color":"var(--ast-global-color-5)","background-image":"","background-repeat":"repeat","background-position":"center center","background-size":"auto","background-attachment":"scroll","background-type":"","background-media":"","overlay-type":"","overlay-color":"","overlay-opacity":"","overlay-gradient":""},"mobile":{"background-color":"var(--ast-global-color-5)","background-image":"","background-repeat":"repeat","background-position":"center center","background-size":"auto","background-attachment":"scroll","background-type":"","background-media":"","overlay-type":"","overlay-color":"","overlay-opacity":"","overlay-gradient":""}}},"product_cat":[492],"product_tag":[],"class_list":{"0":"post-10162","1":"product","2":"type-product","3":"status-publish","4":"has-post-thumbnail","6":"product_cat-amore-in-fiore","7":"pa_back-clousure-lacing","8":"pa_back-clousure-straight","9":"pa_back-clousure-corset-back","10":"pa_detaling-with-bow","11":"pa_detaling-with-slit","12":"pa_dress-length-floor-length","13":"pa_fabric-mikado-silk","14":"pa_neckline-strapless","15":"pa_neckline-straight","16":"pa_silhouette-a-line","17":"pa_sleeve-no-sleeves","18":"pa_style-modern","19":"pa_style-sexy","20":"pa_train-cathedral","21":"pa_train-with-train","22":"desktop-align-left","23":"tablet-align-left","24":"mobile-align-left","25":"ast-product-gallery-layout-first-image-large","26":"ast-magnify-disabled","28":"first","29":"instock","30":"shipping-taxable","31":"product-type-simple"},"_links":{"self":[{"href":"https:\/\/wonabridal.com\/es\/wp-json\/wp\/v2\/product\/10162","targetHints":{"allow":["GET"]}}],"collection":[{"href":"https:\/\/wonabridal.com\/es\/wp-json\/wp\/v2\/product"}],"about":[{"href":"https:\/\/wonabridal.com\/es\/wp-json\/wp\/v2\/types\/product"}],"wp:featuredmedia":[{"embeddable":true,"href":"https:\/\/wonabridal.com\/es\/wp-json\/wp\/v2\/media\/10163"}],"wp:attachment":[{"href":"https:\/\/wonabridal.com\/es\/wp-json\/wp\/v2\/media?parent=10162"}],"wp:term":[{"taxonomy":"product_cat","embeddable":true,"href":"https:\/\/wonabridal.com\/es\/wp-json\/wp\/v2\/product_cat?post=10162"},{"taxonomy":"product_tag","embeddable":true,"href":"https:\/\/wonabridal.com\/es\/wp-json\/wp\/v2\/product_tag?post=10162"}],"curies":[{"name":"wp","href":"https:\/\/api.w.org\/{rel}","templated":true}]}}