{"id":10150,"date":"2025-09-15T18:44:09","date_gmt":"2025-09-15T18:44:09","guid":{"rendered":"https:\/\/wonabridal.com\/?post_type=product&#038;p=10150"},"modified":"2025-09-15T18:44:11","modified_gmt":"2025-09-15T18:44:11","slug":"epos","status":"publish","type":"product","link":"https:\/\/wonabridal.com\/es\/producto\/epos\/","title":{"rendered":"Epos"},"content":{"rendered":"","protected":false},"excerpt":{"rendered":"<p>Epos Gown es un vestido elegante y sofisticado dise\u00f1ado para causar sensaci\u00f3n. El vestido presenta un cors\u00e9 rebajado que realza la cintura y una voluminosa falda a capas que a\u00f1ade un toque dram\u00e1tico. Confeccionado en un tejido de traje de alta calidad, ofrece una silueta estructurada pero refinada.<br \/>\nEl cors\u00e9 interior se ata con cordones para un ajuste perfecto, mientras que el vestido se cierra con una cremallera oculta en la espalda. Se incluyen unos guantes transparentes y ligeros que a\u00f1aden un toque delicado y et\u00e9reo. Un lazo adornado con perlas decora el centro del cors\u00e9, mientras que los dobladillos delanteros y traseros del cors\u00e9 est\u00e1n adornados con intrincados detalles de perlas y cristales.<br \/>\nLa falda est\u00e1 confeccionada con m\u00faltiples capas de suave tul, que crean un efecto ligero y flotante con cada movimiento. El forro incorporado garantiza total opacidad y comodidad durante todo el d\u00eda. Ideal para novias que buscan elegancia con un toque de fantas\u00eda moderna.<\/p>","protected":false},"featured_media":10151,"template":"","meta":{"site-sidebar-layout":"default","site-content-layout":"","ast-site-content-layout":"default","site-content-style":"default","site-sidebar-style":"default","ast-global-header-display":"","ast-banner-title-visibility":"","ast-main-header-display":"","ast-hfb-above-header-display":"","ast-hfb-below-header-display":"","ast-hfb-mobile-header-display":"","site-post-title":"","ast-breadcrumbs-content":"","ast-featured-img":"","footer-sml-layout":"","ast-disable-related-posts":"","theme-transparent-header-meta":"","adv-header-id-meta":"","stick-header-meta":"","header-above-stick-meta":"","header-main-stick-meta":"","header-below-stick-meta":"","astra-migrate-meta-layouts":"default","ast-page-background-enabled":"default","ast-page-background-meta":{"desktop":{"background-color":"var(--ast-global-color-4)","background-image":"","background-repeat":"repeat","background-position":"center center","background-size":"auto","background-attachment":"scroll","background-type":"","background-media":"","overlay-type":"","overlay-color":"","overlay-opacity":"","overlay-gradient":""},"tablet":{"background-color":"","background-image":"","background-repeat":"repeat","background-position":"center center","background-size":"auto","background-attachment":"scroll","background-type":"","background-media":"","overlay-type":"","overlay-color":"","overlay-opacity":"","overlay-gradient":""},"mobile":{"background-color":"","background-image":"","background-repeat":"repeat","background-position":"center center","background-size":"auto","background-attachment":"scroll","background-type":"","background-media":"","overlay-type":"","overlay-color":"","overlay-opacity":"","overlay-gradient":""}},"ast-content-background-meta":{"desktop":{"background-color":"var(--ast-global-color-5)","background-image":"","background-repeat":"repeat","background-position":"center center","background-size":"auto","background-attachment":"scroll","background-type":"","background-media":"","overlay-type":"","overlay-color":"","overlay-opacity":"","overlay-gradient":""},"tablet":{"background-color":"var(--ast-global-color-5)","background-image":"","background-repeat":"repeat","background-position":"center center","background-size":"auto","background-attachment":"scroll","background-type":"","background-media":"","overlay-type":"","overlay-color":"","overlay-opacity":"","overlay-gradient":""},"mobile":{"background-color":"var(--ast-global-color-5)","background-image":"","background-repeat":"repeat","background-position":"center center","background-size":"auto","background-attachment":"scroll","background-type":"","background-media":"","overlay-type":"","overlay-color":"","overlay-opacity":"","overlay-gradient":""}}},"product_cat":[492],"product_tag":[],"class_list":{"0":"post-10150","1":"product","2":"type-product","3":"status-publish","4":"has-post-thumbnail","6":"product_cat-amore-in-fiore","7":"pa_back-clousure-straight","8":"pa_back-clousure-corset-back","9":"pa_detaling-with-bow","10":"pa_detaling-with-corset","11":"pa_dress-length-floor-length","12":"pa_fabric-tulle","13":"pa_fabric-suit-fabric","14":"pa_neckline-strapless","15":"pa_neckline-straight","16":"pa_silhouette-ball-gown","17":"pa_sleeve-no-sleeves","18":"pa_style-classy","19":"pa_style-romantic","20":"pa_train-cathedral","21":"pa_train-with-train","22":"desktop-align-left","23":"tablet-align-left","24":"mobile-align-left","25":"ast-product-gallery-layout-first-image-large","26":"ast-magnify-disabled","28":"first","29":"instock","30":"shipping-taxable","31":"product-type-simple"},"_links":{"self":[{"href":"https:\/\/wonabridal.com\/es\/wp-json\/wp\/v2\/product\/10150","targetHints":{"allow":["GET"]}}],"collection":[{"href":"https:\/\/wonabridal.com\/es\/wp-json\/wp\/v2\/product"}],"about":[{"href":"https:\/\/wonabridal.com\/es\/wp-json\/wp\/v2\/types\/product"}],"wp:featuredmedia":[{"embeddable":true,"href":"https:\/\/wonabridal.com\/es\/wp-json\/wp\/v2\/media\/10151"}],"wp:attachment":[{"href":"https:\/\/wonabridal.com\/es\/wp-json\/wp\/v2\/media?parent=10150"}],"wp:term":[{"taxonomy":"product_cat","embeddable":true,"href":"https:\/\/wonabridal.com\/es\/wp-json\/wp\/v2\/product_cat?post=10150"},{"taxonomy":"product_tag","embeddable":true,"href":"https:\/\/wonabridal.com\/es\/wp-json\/wp\/v2\/product_tag?post=10150"}],"curies":[{"name":"wp","href":"https:\/\/api.w.org\/{rel}","templated":true}]}}