{"id":10130,"date":"2025-09-15T18:43:51","date_gmt":"2025-09-15T18:43:51","guid":{"rendered":"https:\/\/wonabridal.com\/?post_type=product&#038;p=10130"},"modified":"2025-09-15T18:43:54","modified_gmt":"2025-09-15T18:43:54","slug":"argos","status":"publish","type":"product","link":"https:\/\/wonabridal.com\/es\/producto\/argos\/","title":{"rendered":"Argos"},"content":{"rendered":"","protected":false},"excerpt":{"rendered":"<p>El vestido Argos es una deslumbrante silueta de sirena con un toque de glamour Gatsby.<br \/>\nConfeccionado en encaje brillante, este sofisticado vestido presenta escote halter y un corte entallado que acent\u00faa la figura. El corpi\u00f1o est\u00e1 adornado con perlas y cristales que crean un lujoso brillo texturizado. Una espectacular capa de plumas cae en cascada sobre los hombros, aportando un toque de alta costura y elegancia vintage. La capa es totalmente desmontable y se sujeta a la perfecci\u00f3n, lo que permite transformar el look sin esfuerzo. El vestido tambi\u00e9n incluye varias capas de forro para garantizar una cobertura total, manteniendo al mismo tiempo una sensaci\u00f3n de ligereza. Con una espalda totalmente abierta, Argos es perfecto para las novias atrevidas que desean brillar con una sofisticaci\u00f3n atemporal.<\/p>","protected":false},"featured_media":10131,"template":"","meta":{"site-sidebar-layout":"default","site-content-layout":"","ast-site-content-layout":"default","site-content-style":"default","site-sidebar-style":"default","ast-global-header-display":"","ast-banner-title-visibility":"","ast-main-header-display":"","ast-hfb-above-header-display":"","ast-hfb-below-header-display":"","ast-hfb-mobile-header-display":"","site-post-title":"","ast-breadcrumbs-content":"","ast-featured-img":"","footer-sml-layout":"","ast-disable-related-posts":"","theme-transparent-header-meta":"","adv-header-id-meta":"","stick-header-meta":"","header-above-stick-meta":"","header-main-stick-meta":"","header-below-stick-meta":"","astra-migrate-meta-layouts":"default","ast-page-background-enabled":"default","ast-page-background-meta":{"desktop":{"background-color":"var(--ast-global-color-4)","background-image":"","background-repeat":"repeat","background-position":"center center","background-size":"auto","background-attachment":"scroll","background-type":"","background-media":"","overlay-type":"","overlay-color":"","overlay-opacity":"","overlay-gradient":""},"tablet":{"background-color":"","background-image":"","background-repeat":"repeat","background-position":"center center","background-size":"auto","background-attachment":"scroll","background-type":"","background-media":"","overlay-type":"","overlay-color":"","overlay-opacity":"","overlay-gradient":""},"mobile":{"background-color":"","background-image":"","background-repeat":"repeat","background-position":"center center","background-size":"auto","background-attachment":"scroll","background-type":"","background-media":"","overlay-type":"","overlay-color":"","overlay-opacity":"","overlay-gradient":""}},"ast-content-background-meta":{"desktop":{"background-color":"var(--ast-global-color-5)","background-image":"","background-repeat":"repeat","background-position":"center center","background-size":"auto","background-attachment":"scroll","background-type":"","background-media":"","overlay-type":"","overlay-color":"","overlay-opacity":"","overlay-gradient":""},"tablet":{"background-color":"var(--ast-global-color-5)","background-image":"","background-repeat":"repeat","background-position":"center center","background-size":"auto","background-attachment":"scroll","background-type":"","background-media":"","overlay-type":"","overlay-color":"","overlay-opacity":"","overlay-gradient":""},"mobile":{"background-color":"var(--ast-global-color-5)","background-image":"","background-repeat":"repeat","background-position":"center center","background-size":"auto","background-attachment":"scroll","background-type":"","background-media":"","overlay-type":"","overlay-color":"","overlay-opacity":"","overlay-gradient":""}}},"product_cat":[492],"product_tag":[],"class_list":{"0":"post-10130","1":"product","2":"type-product","3":"status-publish","4":"has-post-thumbnail","6":"product_cat-amore-in-fiore","7":"pa_back-clousure-low-back","8":"pa_detaling-with-detachable-cape","9":"pa_dress-length-floor-length","10":"pa_fabric-feathers","11":"pa_fabric-lace","12":"pa_fabric-all-beaded","13":"pa_neckline-high-neck","14":"pa_neckline-closed","15":"pa_silhouette-sheath","16":"pa_sleeve-no-sleeves","17":"pa_style-modern","18":"pa_style-sexy","19":"pa_train-chapel","20":"pa_train-with-train","21":"desktop-align-left","22":"tablet-align-left","23":"mobile-align-left","24":"ast-product-gallery-layout-first-image-large","25":"ast-magnify-disabled","27":"first","28":"instock","29":"shipping-taxable","30":"product-type-simple"},"_links":{"self":[{"href":"https:\/\/wonabridal.com\/es\/wp-json\/wp\/v2\/product\/10130","targetHints":{"allow":["GET"]}}],"collection":[{"href":"https:\/\/wonabridal.com\/es\/wp-json\/wp\/v2\/product"}],"about":[{"href":"https:\/\/wonabridal.com\/es\/wp-json\/wp\/v2\/types\/product"}],"wp:featuredmedia":[{"embeddable":true,"href":"https:\/\/wonabridal.com\/es\/wp-json\/wp\/v2\/media\/10131"}],"wp:attachment":[{"href":"https:\/\/wonabridal.com\/es\/wp-json\/wp\/v2\/media?parent=10130"}],"wp:term":[{"taxonomy":"product_cat","embeddable":true,"href":"https:\/\/wonabridal.com\/es\/wp-json\/wp\/v2\/product_cat?post=10130"},{"taxonomy":"product_tag","embeddable":true,"href":"https:\/\/wonabridal.com\/es\/wp-json\/wp\/v2\/product_tag?post=10130"}],"curies":[{"name":"wp","href":"https:\/\/api.w.org\/{rel}","templated":true}]}}