{"id":10117,"date":"2025-09-15T18:43:41","date_gmt":"2025-09-15T18:43:41","guid":{"rendered":"https:\/\/wonabridal.com\/?post_type=product&#038;p=10117"},"modified":"2025-09-15T18:43:45","modified_gmt":"2025-09-15T18:43:45","slug":"aphrodite","status":"publish","type":"product","link":"https:\/\/wonabridal.com\/es\/producto\/aphrodite\/","title":{"rendered":"Afrodita"},"content":{"rendered":"","protected":false},"excerpt":{"rendered":"<p>El vestido Aphrodite es la verdadera joya de la colecci\u00f3n, una obra maestra de elegancia y dramatismo.<br \/>\nEste vestido de encaje de silueta sirena presenta un escote alto y mangas largas ajustadas que se abrochan con cremalleras invisibles, ofreciendo sofisticaci\u00f3n y comodidad. Completamente adornado con intrincados motivos de encaje y delicados bordados, el vestido irradia un romanticismo atemporal. La espectacular capa desmontable de tres metros, confeccionada en mikado brillante, realza el look y crea un majestuoso efecto de capas. La capa se anuda sobre el antebrazo, formando una silueta voluminosa que desemboca en una gran cola. La espalda del vestido se cierra con una cremallera oculta e incluye una sutil cola para un acabado refinado. Afrodita est\u00e1 dise\u00f1ado para novias que sue\u00f1an con una belleza regia y entradas inolvidables.<\/p>","protected":false},"featured_media":10118,"template":"","meta":{"site-sidebar-layout":"default","site-content-layout":"","ast-site-content-layout":"default","site-content-style":"default","site-sidebar-style":"default","ast-global-header-display":"","ast-banner-title-visibility":"","ast-main-header-display":"","ast-hfb-above-header-display":"","ast-hfb-below-header-display":"","ast-hfb-mobile-header-display":"","site-post-title":"","ast-breadcrumbs-content":"","ast-featured-img":"","footer-sml-layout":"","ast-disable-related-posts":"","theme-transparent-header-meta":"","adv-header-id-meta":"","stick-header-meta":"","header-above-stick-meta":"","header-main-stick-meta":"","header-below-stick-meta":"","astra-migrate-meta-layouts":"default","ast-page-background-enabled":"default","ast-page-background-meta":{"desktop":{"background-color":"var(--ast-global-color-4)","background-image":"","background-repeat":"repeat","background-position":"center center","background-size":"auto","background-attachment":"scroll","background-type":"","background-media":"","overlay-type":"","overlay-color":"","overlay-opacity":"","overlay-gradient":""},"tablet":{"background-color":"","background-image":"","background-repeat":"repeat","background-position":"center center","background-size":"auto","background-attachment":"scroll","background-type":"","background-media":"","overlay-type":"","overlay-color":"","overlay-opacity":"","overlay-gradient":""},"mobile":{"background-color":"","background-image":"","background-repeat":"repeat","background-position":"center center","background-size":"auto","background-attachment":"scroll","background-type":"","background-media":"","overlay-type":"","overlay-color":"","overlay-opacity":"","overlay-gradient":""}},"ast-content-background-meta":{"desktop":{"background-color":"var(--ast-global-color-5)","background-image":"","background-repeat":"repeat","background-position":"center center","background-size":"auto","background-attachment":"scroll","background-type":"","background-media":"","overlay-type":"","overlay-color":"","overlay-opacity":"","overlay-gradient":""},"tablet":{"background-color":"var(--ast-global-color-5)","background-image":"","background-repeat":"repeat","background-position":"center center","background-size":"auto","background-attachment":"scroll","background-type":"","background-media":"","overlay-type":"","overlay-color":"","overlay-opacity":"","overlay-gradient":""},"mobile":{"background-color":"var(--ast-global-color-5)","background-image":"","background-repeat":"repeat","background-position":"center center","background-size":"auto","background-attachment":"scroll","background-type":"","background-media":"","overlay-type":"","overlay-color":"","overlay-opacity":"","overlay-gradient":""}}},"product_cat":[492],"product_tag":[],"class_list":{"0":"post-10117","1":"product","2":"type-product","3":"status-publish","4":"has-post-thumbnail","6":"product_cat-amore-in-fiore","7":"pa_back-clousure-closed","8":"pa_detaling-with-shoulder-pads","9":"pa_detaling-with-detachable-cape","10":"pa_dress-length-floor-length","11":"pa_fabric-lace","12":"pa_fabric-mikado-silk","13":"pa_fabric-all-beaded","14":"pa_neckline-high-neck","15":"pa_neckline-closed","16":"pa_silhouette-sheath","17":"pa_sleeve-illusion","18":"pa_sleeve-long-fitted","19":"pa_style-classy","20":"pa_style-modern","21":"pa_train-royal","22":"pa_train-with-train","23":"desktop-align-left","24":"tablet-align-left","25":"mobile-align-left","26":"ast-product-gallery-layout-first-image-large","27":"ast-magnify-disabled","29":"first","30":"instock","31":"shipping-taxable","32":"product-type-simple"},"_links":{"self":[{"href":"https:\/\/wonabridal.com\/es\/wp-json\/wp\/v2\/product\/10117","targetHints":{"allow":["GET"]}}],"collection":[{"href":"https:\/\/wonabridal.com\/es\/wp-json\/wp\/v2\/product"}],"about":[{"href":"https:\/\/wonabridal.com\/es\/wp-json\/wp\/v2\/types\/product"}],"wp:featuredmedia":[{"embeddable":true,"href":"https:\/\/wonabridal.com\/es\/wp-json\/wp\/v2\/media\/10118"}],"wp:attachment":[{"href":"https:\/\/wonabridal.com\/es\/wp-json\/wp\/v2\/media?parent=10117"}],"wp:term":[{"taxonomy":"product_cat","embeddable":true,"href":"https:\/\/wonabridal.com\/es\/wp-json\/wp\/v2\/product_cat?post=10117"},{"taxonomy":"product_tag","embeddable":true,"href":"https:\/\/wonabridal.com\/es\/wp-json\/wp\/v2\/product_tag?post=10117"}],"curies":[{"name":"wp","href":"https:\/\/api.w.org\/{rel}","templated":true}]}}