{"id":10093,"date":"2025-09-15T18:43:19","date_gmt":"2025-09-15T18:43:19","guid":{"rendered":"https:\/\/wonabridal.com\/?post_type=product&#038;p=10093"},"modified":"2025-09-15T18:43:21","modified_gmt":"2025-09-15T18:43:21","slug":"jett","status":"publish","type":"product","link":"https:\/\/wonabridal.com\/es\/producto\/jett\/","title":{"rendered":"Jett"},"content":{"rendered":"","protected":false},"excerpt":{"rendered":"<p>El vestido Jett. es una elegante y sofisticada silueta de sirena, confeccionada en lujoso sat\u00e9n marfil que abraza con gracia la figura.<br \/>\nEl corpi\u00f1o cors\u00e9 estructurado realza la silueta, mientras que la cintura adornada con perlas llama la atenci\u00f3n sobre la cintura, a\u00f1adiendo un suave acento rom\u00e1ntico.<br \/>\nLos delicados tirantes adornados con delicados lazos de sat\u00e9n -cada uno de ellos rematado con detalles de perlas- aportan un encanto juguet\u00f3n y elegante al conjunto.<br \/>\nLa bata se abrocha con una cremallera oculta en la espalda, lo que garantiza un acabado suave y sin costuras.<br \/>\nUna modesta cola completa el dise\u00f1o, a\u00f1adiendo la cantidad justa de dramatismo sin abrumar la elegancia minimalista.<br \/>\nPerfecto para la novia que adora las l\u00edneas limpias, los detalles refinados y un toque de dulzura.<\/p>","protected":false},"featured_media":10094,"template":"","meta":{"site-sidebar-layout":"default","site-content-layout":"","ast-site-content-layout":"default","site-content-style":"default","site-sidebar-style":"default","ast-global-header-display":"","ast-banner-title-visibility":"","ast-main-header-display":"","ast-hfb-above-header-display":"","ast-hfb-below-header-display":"","ast-hfb-mobile-header-display":"","site-post-title":"","ast-breadcrumbs-content":"","ast-featured-img":"","footer-sml-layout":"","ast-disable-related-posts":"","theme-transparent-header-meta":"","adv-header-id-meta":"","stick-header-meta":"","header-above-stick-meta":"","header-main-stick-meta":"","header-below-stick-meta":"","astra-migrate-meta-layouts":"default","ast-page-background-enabled":"default","ast-page-background-meta":{"desktop":{"background-color":"var(--ast-global-color-4)","background-image":"","background-repeat":"repeat","background-position":"center center","background-size":"auto","background-attachment":"scroll","background-type":"","background-media":"","overlay-type":"","overlay-color":"","overlay-opacity":"","overlay-gradient":""},"tablet":{"background-color":"","background-image":"","background-repeat":"repeat","background-position":"center center","background-size":"auto","background-attachment":"scroll","background-type":"","background-media":"","overlay-type":"","overlay-color":"","overlay-opacity":"","overlay-gradient":""},"mobile":{"background-color":"","background-image":"","background-repeat":"repeat","background-position":"center center","background-size":"auto","background-attachment":"scroll","background-type":"","background-media":"","overlay-type":"","overlay-color":"","overlay-opacity":"","overlay-gradient":""}},"ast-content-background-meta":{"desktop":{"background-color":"var(--ast-global-color-5)","background-image":"","background-repeat":"repeat","background-position":"center center","background-size":"auto","background-attachment":"scroll","background-type":"","background-media":"","overlay-type":"","overlay-color":"","overlay-opacity":"","overlay-gradient":""},"tablet":{"background-color":"var(--ast-global-color-5)","background-image":"","background-repeat":"repeat","background-position":"center center","background-size":"auto","background-attachment":"scroll","background-type":"","background-media":"","overlay-type":"","overlay-color":"","overlay-opacity":"","overlay-gradient":""},"mobile":{"background-color":"var(--ast-global-color-5)","background-image":"","background-repeat":"repeat","background-position":"center center","background-size":"auto","background-attachment":"scroll","background-type":"","background-media":"","overlay-type":"","overlay-color":"","overlay-opacity":"","overlay-gradient":""}}},"product_cat":[489],"product_tag":[],"class_list":{"0":"post-10093","1":"product","2":"type-product","3":"status-publish","4":"has-post-thumbnail","6":"product_cat-kiss-of-silence","7":"pa_back-clousure-straight","8":"pa_detaling-with-bow","9":"pa_dress-length-floor-length","10":"pa_fabric-satin","11":"pa_neckline-sweetheart","12":"pa_neckline-straps","13":"pa_silhouette-sheath","14":"pa_sleeve-straps","15":"pa_style-modern","16":"pa_style-romantic","17":"pa_train-chapel","18":"pa_train-with-train","19":"desktop-align-left","20":"tablet-align-left","21":"mobile-align-left","22":"ast-product-gallery-layout-first-image-large","23":"ast-magnify-disabled","25":"first","26":"instock","27":"shipping-taxable","28":"product-type-simple"},"_links":{"self":[{"href":"https:\/\/wonabridal.com\/es\/wp-json\/wp\/v2\/product\/10093","targetHints":{"allow":["GET"]}}],"collection":[{"href":"https:\/\/wonabridal.com\/es\/wp-json\/wp\/v2\/product"}],"about":[{"href":"https:\/\/wonabridal.com\/es\/wp-json\/wp\/v2\/types\/product"}],"wp:featuredmedia":[{"embeddable":true,"href":"https:\/\/wonabridal.com\/es\/wp-json\/wp\/v2\/media\/10094"}],"wp:attachment":[{"href":"https:\/\/wonabridal.com\/es\/wp-json\/wp\/v2\/media?parent=10093"}],"wp:term":[{"taxonomy":"product_cat","embeddable":true,"href":"https:\/\/wonabridal.com\/es\/wp-json\/wp\/v2\/product_cat?post=10093"},{"taxonomy":"product_tag","embeddable":true,"href":"https:\/\/wonabridal.com\/es\/wp-json\/wp\/v2\/product_tag?post=10093"}],"curies":[{"name":"wp","href":"https:\/\/api.w.org\/{rel}","templated":true}]}}