{"id":10081,"date":"2025-09-15T18:43:02","date_gmt":"2025-09-15T18:43:02","guid":{"rendered":"https:\/\/wonabridal.com\/?post_type=product&#038;p=10081"},"modified":"2025-09-15T18:43:09","modified_gmt":"2025-09-15T18:43:09","slug":"ducray","status":"publish","type":"product","link":"https:\/\/wonabridal.com\/es\/producto\/ducray\/","title":{"rendered":"Ducray"},"content":{"rendered":"","protected":false},"excerpt":{"rendered":"<p>El vestido Ducray es la esencia del minimalismo moderno: una elegante silueta de sirena confeccionada en sat\u00e9n liso en un suave tono marfil claro.<br \/>\nDelicados tirantes finos enmarcan los hombros.<br \/>\nLa espalda est\u00e1 rematada con una cremallera oculta que le da un aspecto impecable, y la larga cola a\u00f1ade un elegante toque de dramatismo a este dise\u00f1o que, de otro modo, ser\u00eda discreto.<br \/>\nElegante sin esfuerzo y atemporal, Ducray es ideal para la novia que abraza la sencillez con sofisticaci\u00f3n.<\/p>","protected":false},"featured_media":10082,"template":"","meta":{"site-sidebar-layout":"default","site-content-layout":"","ast-site-content-layout":"default","site-content-style":"default","site-sidebar-style":"default","ast-global-header-display":"","ast-banner-title-visibility":"","ast-main-header-display":"","ast-hfb-above-header-display":"","ast-hfb-below-header-display":"","ast-hfb-mobile-header-display":"","site-post-title":"","ast-breadcrumbs-content":"","ast-featured-img":"","footer-sml-layout":"","ast-disable-related-posts":"","theme-transparent-header-meta":"","adv-header-id-meta":"","stick-header-meta":"","header-above-stick-meta":"","header-main-stick-meta":"","header-below-stick-meta":"","astra-migrate-meta-layouts":"default","ast-page-background-enabled":"default","ast-page-background-meta":{"desktop":{"background-color":"var(--ast-global-color-4)","background-image":"","background-repeat":"repeat","background-position":"center center","background-size":"auto","background-attachment":"scroll","background-type":"","background-media":"","overlay-type":"","overlay-color":"","overlay-opacity":"","overlay-gradient":""},"tablet":{"background-color":"","background-image":"","background-repeat":"repeat","background-position":"center center","background-size":"auto","background-attachment":"scroll","background-type":"","background-media":"","overlay-type":"","overlay-color":"","overlay-opacity":"","overlay-gradient":""},"mobile":{"background-color":"","background-image":"","background-repeat":"repeat","background-position":"center center","background-size":"auto","background-attachment":"scroll","background-type":"","background-media":"","overlay-type":"","overlay-color":"","overlay-opacity":"","overlay-gradient":""}},"ast-content-background-meta":{"desktop":{"background-color":"var(--ast-global-color-5)","background-image":"","background-repeat":"repeat","background-position":"center center","background-size":"auto","background-attachment":"scroll","background-type":"","background-media":"","overlay-type":"","overlay-color":"","overlay-opacity":"","overlay-gradient":""},"tablet":{"background-color":"var(--ast-global-color-5)","background-image":"","background-repeat":"repeat","background-position":"center center","background-size":"auto","background-attachment":"scroll","background-type":"","background-media":"","overlay-type":"","overlay-color":"","overlay-opacity":"","overlay-gradient":""},"mobile":{"background-color":"var(--ast-global-color-5)","background-image":"","background-repeat":"repeat","background-position":"center center","background-size":"auto","background-attachment":"scroll","background-type":"","background-media":"","overlay-type":"","overlay-color":"","overlay-opacity":"","overlay-gradient":""}}},"product_cat":[489],"product_tag":[],"class_list":{"0":"post-10081","1":"product","2":"type-product","3":"status-publish","4":"has-post-thumbnail","6":"product_cat-kiss-of-silence","7":"pa_back-clousure-straight","8":"pa_dress-length-floor-length","9":"pa_fabric-satin","10":"pa_neckline-scoop","11":"pa_neckline-straps","12":"pa_silhouette-sheath","13":"pa_sleeve-straps","14":"pa_style-classy","15":"pa_style-minimalist","16":"pa_style-sexy","17":"pa_train-cathedral","18":"pa_train-with-train","19":"desktop-align-left","20":"tablet-align-left","21":"mobile-align-left","22":"ast-product-gallery-layout-first-image-large","23":"ast-magnify-disabled","25":"first","26":"instock","27":"shipping-taxable","28":"product-type-simple"},"_links":{"self":[{"href":"https:\/\/wonabridal.com\/es\/wp-json\/wp\/v2\/product\/10081","targetHints":{"allow":["GET"]}}],"collection":[{"href":"https:\/\/wonabridal.com\/es\/wp-json\/wp\/v2\/product"}],"about":[{"href":"https:\/\/wonabridal.com\/es\/wp-json\/wp\/v2\/types\/product"}],"wp:featuredmedia":[{"embeddable":true,"href":"https:\/\/wonabridal.com\/es\/wp-json\/wp\/v2\/media\/10082"}],"wp:attachment":[{"href":"https:\/\/wonabridal.com\/es\/wp-json\/wp\/v2\/media?parent=10081"}],"wp:term":[{"taxonomy":"product_cat","embeddable":true,"href":"https:\/\/wonabridal.com\/es\/wp-json\/wp\/v2\/product_cat?post=10081"},{"taxonomy":"product_tag","embeddable":true,"href":"https:\/\/wonabridal.com\/es\/wp-json\/wp\/v2\/product_tag?post=10081"}],"curies":[{"name":"wp","href":"https:\/\/api.w.org\/{rel}","templated":true}]}}