{"id":10066,"date":"2025-09-15T18:42:49","date_gmt":"2025-09-15T18:42:49","guid":{"rendered":"https:\/\/wonabridal.com\/?post_type=product&#038;p=10066"},"modified":"2025-09-15T18:42:51","modified_gmt":"2025-09-15T18:42:51","slug":"coast","status":"publish","type":"product","link":"https:\/\/wonabridal.com\/es\/producto\/coast\/","title":{"rendered":"Costa"},"content":{"rendered":"","protected":false},"excerpt":{"rendered":"<p>El vestido Coast es una elegante silueta de sirena confeccionada en sat\u00e9n mate, que ofrece una versi\u00f3n moderna de la elegancia atemporal.<br \/>\nLos tirantes finos y el suave drapeado del cors\u00e9 crean un escote delicado y femenino.<br \/>\nUna caracter\u00edstica distintiva del vestido es el detalle de lazada lateral: ojales con cordones de sat\u00e9n a ambos lados del cors\u00e9, que a\u00f1aden un toque sutil y moderno al dise\u00f1o minimalista.<br \/>\nEl look se completa con una modesta cola que se desliza suavemente por detr\u00e1s, realzando las elegantes l\u00edneas de la silueta.<br \/>\nCoast es perfecta para las novias que adoran la elegancia limpia con detalles inesperados.<\/p>","protected":false},"featured_media":10067,"template":"","meta":{"site-sidebar-layout":"default","site-content-layout":"","ast-site-content-layout":"default","site-content-style":"default","site-sidebar-style":"default","ast-global-header-display":"","ast-banner-title-visibility":"","ast-main-header-display":"","ast-hfb-above-header-display":"","ast-hfb-below-header-display":"","ast-hfb-mobile-header-display":"","site-post-title":"","ast-breadcrumbs-content":"","ast-featured-img":"","footer-sml-layout":"","ast-disable-related-posts":"","theme-transparent-header-meta":"","adv-header-id-meta":"","stick-header-meta":"","header-above-stick-meta":"","header-main-stick-meta":"","header-below-stick-meta":"","astra-migrate-meta-layouts":"default","ast-page-background-enabled":"default","ast-page-background-meta":{"desktop":{"background-color":"var(--ast-global-color-4)","background-image":"","background-repeat":"repeat","background-position":"center center","background-size":"auto","background-attachment":"scroll","background-type":"","background-media":"","overlay-type":"","overlay-color":"","overlay-opacity":"","overlay-gradient":""},"tablet":{"background-color":"","background-image":"","background-repeat":"repeat","background-position":"center center","background-size":"auto","background-attachment":"scroll","background-type":"","background-media":"","overlay-type":"","overlay-color":"","overlay-opacity":"","overlay-gradient":""},"mobile":{"background-color":"","background-image":"","background-repeat":"repeat","background-position":"center center","background-size":"auto","background-attachment":"scroll","background-type":"","background-media":"","overlay-type":"","overlay-color":"","overlay-opacity":"","overlay-gradient":""}},"ast-content-background-meta":{"desktop":{"background-color":"var(--ast-global-color-5)","background-image":"","background-repeat":"repeat","background-position":"center center","background-size":"auto","background-attachment":"scroll","background-type":"","background-media":"","overlay-type":"","overlay-color":"","overlay-opacity":"","overlay-gradient":""},"tablet":{"background-color":"var(--ast-global-color-5)","background-image":"","background-repeat":"repeat","background-position":"center center","background-size":"auto","background-attachment":"scroll","background-type":"","background-media":"","overlay-type":"","overlay-color":"","overlay-opacity":"","overlay-gradient":""},"mobile":{"background-color":"var(--ast-global-color-5)","background-image":"","background-repeat":"repeat","background-position":"center center","background-size":"auto","background-attachment":"scroll","background-type":"","background-media":"","overlay-type":"","overlay-color":"","overlay-opacity":"","overlay-gradient":""}}},"product_cat":[489],"product_tag":[],"class_list":{"0":"post-10066","1":"product","2":"type-product","3":"status-publish","4":"has-post-thumbnail","6":"product_cat-kiss-of-silence","7":"pa_back-clousure-strsight","8":"pa_detaling-with-corset","9":"pa_dress-length-floor-length","10":"pa_fabric-satin","11":"pa_neckline-sweetheart","12":"pa_neckline-straps","13":"pa_silhouette-sheath","14":"pa_sleeve-straps","15":"pa_style-modern","16":"pa_style-sexy","17":"pa_train-chapel","18":"pa_train-with-train","19":"desktop-align-left","20":"tablet-align-left","21":"mobile-align-left","22":"ast-product-gallery-layout-first-image-large","23":"ast-magnify-disabled","25":"first","26":"instock","27":"shipping-taxable","28":"product-type-simple"},"_links":{"self":[{"href":"https:\/\/wonabridal.com\/es\/wp-json\/wp\/v2\/product\/10066","targetHints":{"allow":["GET"]}}],"collection":[{"href":"https:\/\/wonabridal.com\/es\/wp-json\/wp\/v2\/product"}],"about":[{"href":"https:\/\/wonabridal.com\/es\/wp-json\/wp\/v2\/types\/product"}],"wp:featuredmedia":[{"embeddable":true,"href":"https:\/\/wonabridal.com\/es\/wp-json\/wp\/v2\/media\/10067"}],"wp:attachment":[{"href":"https:\/\/wonabridal.com\/es\/wp-json\/wp\/v2\/media?parent=10066"}],"wp:term":[{"taxonomy":"product_cat","embeddable":true,"href":"https:\/\/wonabridal.com\/es\/wp-json\/wp\/v2\/product_cat?post=10066"},{"taxonomy":"product_tag","embeddable":true,"href":"https:\/\/wonabridal.com\/es\/wp-json\/wp\/v2\/product_tag?post=10066"}],"curies":[{"name":"wp","href":"https:\/\/api.w.org\/{rel}","templated":true}]}}