{"id":10050,"date":"2025-09-15T18:42:36","date_gmt":"2025-09-15T18:42:36","guid":{"rendered":"https:\/\/wonabridal.com\/?post_type=product&#038;p=10050"},"modified":"2025-09-15T18:42:39","modified_gmt":"2025-09-15T18:42:39","slug":"artie","status":"publish","type":"product","link":"https:\/\/wonabridal.com\/es\/producto\/artie\/","title":{"rendered":"Artie"},"content":{"rendered":"","protected":false},"excerpt":{"rendered":"<p>El look Artie presenta una refinada combinaci\u00f3n de cors\u00e9 y falda, confeccionada en ligero sat\u00e9n para lograr un efecto de elegancia sin esfuerzo.<br \/>\nEl cors\u00e9 est\u00e1 dise\u00f1ado con delicados tirantes y suaves drapeados en el corpi\u00f1o, que crean una silueta elegante y esculpida.<br \/>\nEl look se completa con una falda fluida que se prolonga en una hermosa cola de largo capilla, a\u00f1adiendo un toque de romanticismo cl\u00e1sico a la sencillez moderna.<br \/>\nArtie es perfecto para la novia que busca una versi\u00f3n fresca y sofisticada de un estilo nupcial atemporal.<\/p>","protected":false},"featured_media":10051,"template":"","meta":{"site-sidebar-layout":"default","site-content-layout":"","ast-site-content-layout":"default","site-content-style":"default","site-sidebar-style":"default","ast-global-header-display":"","ast-banner-title-visibility":"","ast-main-header-display":"","ast-hfb-above-header-display":"","ast-hfb-below-header-display":"","ast-hfb-mobile-header-display":"","site-post-title":"","ast-breadcrumbs-content":"","ast-featured-img":"","footer-sml-layout":"","ast-disable-related-posts":"","theme-transparent-header-meta":"","adv-header-id-meta":"","stick-header-meta":"","header-above-stick-meta":"","header-main-stick-meta":"","header-below-stick-meta":"","astra-migrate-meta-layouts":"default","ast-page-background-enabled":"default","ast-page-background-meta":{"desktop":{"background-color":"var(--ast-global-color-4)","background-image":"","background-repeat":"repeat","background-position":"center center","background-size":"auto","background-attachment":"scroll","background-type":"","background-media":"","overlay-type":"","overlay-color":"","overlay-opacity":"","overlay-gradient":""},"tablet":{"background-color":"","background-image":"","background-repeat":"repeat","background-position":"center center","background-size":"auto","background-attachment":"scroll","background-type":"","background-media":"","overlay-type":"","overlay-color":"","overlay-opacity":"","overlay-gradient":""},"mobile":{"background-color":"","background-image":"","background-repeat":"repeat","background-position":"center center","background-size":"auto","background-attachment":"scroll","background-type":"","background-media":"","overlay-type":"","overlay-color":"","overlay-opacity":"","overlay-gradient":""}},"ast-content-background-meta":{"desktop":{"background-color":"var(--ast-global-color-5)","background-image":"","background-repeat":"repeat","background-position":"center center","background-size":"auto","background-attachment":"scroll","background-type":"","background-media":"","overlay-type":"","overlay-color":"","overlay-opacity":"","overlay-gradient":""},"tablet":{"background-color":"var(--ast-global-color-5)","background-image":"","background-repeat":"repeat","background-position":"center center","background-size":"auto","background-attachment":"scroll","background-type":"","background-media":"","overlay-type":"","overlay-color":"","overlay-opacity":"","overlay-gradient":""},"mobile":{"background-color":"var(--ast-global-color-5)","background-image":"","background-repeat":"repeat","background-position":"center center","background-size":"auto","background-attachment":"scroll","background-type":"","background-media":"","overlay-type":"","overlay-color":"","overlay-opacity":"","overlay-gradient":""}}},"product_cat":[489],"product_tag":[],"class_list":{"0":"post-10050","1":"product","2":"type-product","3":"status-publish","4":"has-post-thumbnail","6":"product_cat-kiss-of-silence","7":"pa_back-clousure-boat","8":"pa_back-clousure-low-back","9":"pa_detaling-with-corset","10":"pa_dress-length-floor-length","11":"pa_fabric-satin","12":"pa_neckline-scoop","13":"pa_silhouette-a-line","14":"pa_sleeve-straps","15":"pa_style-classy","16":"pa_style-minimalist","17":"pa_train-cathedral","18":"pa_train-with-train","19":"desktop-align-left","20":"tablet-align-left","21":"mobile-align-left","22":"ast-product-gallery-layout-first-image-large","23":"ast-magnify-disabled","25":"first","26":"instock","27":"shipping-taxable","28":"product-type-simple"},"_links":{"self":[{"href":"https:\/\/wonabridal.com\/es\/wp-json\/wp\/v2\/product\/10050","targetHints":{"allow":["GET"]}}],"collection":[{"href":"https:\/\/wonabridal.com\/es\/wp-json\/wp\/v2\/product"}],"about":[{"href":"https:\/\/wonabridal.com\/es\/wp-json\/wp\/v2\/types\/product"}],"wp:featuredmedia":[{"embeddable":true,"href":"https:\/\/wonabridal.com\/es\/wp-json\/wp\/v2\/media\/10051"}],"wp:attachment":[{"href":"https:\/\/wonabridal.com\/es\/wp-json\/wp\/v2\/media?parent=10050"}],"wp:term":[{"taxonomy":"product_cat","embeddable":true,"href":"https:\/\/wonabridal.com\/es\/wp-json\/wp\/v2\/product_cat?post=10050"},{"taxonomy":"product_tag","embeddable":true,"href":"https:\/\/wonabridal.com\/es\/wp-json\/wp\/v2\/product_tag?post=10050"}],"curies":[{"name":"wp","href":"https:\/\/api.w.org\/{rel}","templated":true}]}}