{"id":3,"date":"2022-06-28T22:55:35","date_gmt":"2022-06-28T22:55:35","guid":{"rendered":"https:\/\/wonabridal.com\/?page_id=3"},"modified":"2023-08-11T22:40:20","modified_gmt":"2023-08-11T22:40:20","slug":"privacy-policy","status":"publish","type":"page","link":"https:\/\/wonabridal.com\/es\/privacy-policy\/","title":{"rendered":"Pol\u00edtica de privacidad"},"content":{"rendered":"<p>Sabemos que te preocupa c\u00f3mo se utiliza y comparte la informaci\u00f3n sobre ti, y agradecemos tu confianza. Esta Pol\u00edtica de Privacidad explica c\u00f3mo WONA utiliza y comparte informaci\u00f3n sobre usted cuando utiliza nuestros sitios web y servicios en l\u00ednea (\"Servicios\") o interact\u00faa con nosotros.<\/p><h2 class=\"wp-block-heading\">\u00bfQU\u00c9 INFORMACI\u00d3N RECOPILAMOS SOBRE LOS CLIENTES?<\/h2><ul class=\"wp-block-list\"><li>Informaci\u00f3n que usted proporciona: Recopilamos cualquier informaci\u00f3n que introduzca a trav\u00e9s de nuestros Servicios o que nos facilite de cualquier forma, como cuando crea una cuenta, realiza un pedido, se suscribe para recibir nuestros correos electr\u00f3nicos, solicita citas con el estilista o interact\u00faa con nosotros a trav\u00e9s de nuestros canales de atenci\u00f3n al cliente. Por ejemplo, puede facilitarnos su nombre, direcci\u00f3n de correo electr\u00f3nico, n\u00famero de tel\u00e9fono.<\/li>\n\n<li>Informaci\u00f3n autom\u00e1tica: Recopilamos cierta informaci\u00f3n autom\u00e1ticamente cada vez que usted interact\u00faa con nuestros Servicios y correos electr\u00f3nicos. Esta informaci\u00f3n incluye archivos de registro (que incluyen direcci\u00f3n IP, fecha\/hora de acceso, URL de la p\u00e1gina de referencia y tipo de navegador), as\u00ed como informaci\u00f3n recogida a trav\u00e9s de herramientas que nos ayudan a recopilar informaci\u00f3n de uso. Las \"cookies\" y las balizas web son un par de ejemplos del tipo de herramientas que utilizamos para recopilar esta informaci\u00f3n. Las balizas web son im\u00e1genes electr\u00f3nicas que pueden utilizarse en nuestros Servicios o correos electr\u00f3nicos y que ayudan a enviar cookies, contar visitas y comprender el uso y la eficacia de las campa\u00f1as. Para obtener m\u00e1s informaci\u00f3n sobre el uso que hacemos de las cookies y sobre c\u00f3mo desactivarlas, consulte nuestra secci\u00f3n sobre cookies.<\/li>\n\n<li>Informaci\u00f3n de otras fuentes: Tambi\u00e9n podr\u00edamos recibir informaci\u00f3n sobre usted de otras fuentes y a\u00f1adirla a la informaci\u00f3n que asociamos a su cuenta.<\/li><\/ul><h2 class=\"wp-block-heading\">\u00bfC\u00d3MO UTILIZAMOS LA INFORMACI\u00d3N DE CONTACTO?<\/h2><p>Utilizamos su informaci\u00f3n de contacto (es decir, direcci\u00f3n de correo electr\u00f3nico, n\u00famero de tel\u00e9fono) \u00fanicamente para los siguientes fines:<\/p><ul class=\"wp-block-list\"><li>Utilizamos su direcci\u00f3n de correo electr\u00f3nico para ayudarle a crear, gestionar y mantener una cuenta en nuestros Servicios, y para enviarle informaci\u00f3n sobre productos, promociones, encuestas, noticias y eventos que creemos que pueden interesarle;<\/li>\n\n<li>Utilizamos su n\u00famero de tel\u00e9fono para \u0441\u043entactar en diferentes casos.<\/li><\/ul><h2 class=\"wp-block-heading\">\u00bfC\u00d3MO UTILIZAMOS OTROS DATOS DE LOS CLIENTES?<\/h2><ul class=\"wp-block-list\"><li>Personalizar nuestros Servicios y ofertas de productos para adaptarlos a sus necesidades e intereses;<\/li>\n\n<li>Supervisar y analizar tendencias, uso y actividades, y mejorar nuestros Servicios y ofertas de productos;<\/li>\n\n<li>Registrar las compras que haya realizado a trav\u00e9s de nuestros Servicios;<\/li>\n\n<li>Permitirle publicar comentarios y comunicarse con nosotros a trav\u00e9s de nuestros Servicios, incluidas nuestras p\u00e1ginas en las redes sociales;<\/li>\n\n<li>Proteger contra el fraude y las transacciones no autorizadas, incluso identificando a posibles usuarios no autorizados y\/o piratas inform\u00e1ticos;<\/li>\n\n<li>Aplicar nuestras Condiciones de uso; y\/o cumplir los requisitos legales aplicables, las normas del sector y nuestras pol\u00edticas.<\/li><\/ul><h2 class=\"wp-block-heading\">\u00bfC\u00d3MO COMPARTIMOS LA INFORMACI\u00d3N DE LOS CLIENTES?<\/h2><p>De vez en cuando establecemos relaciones comerciales con otras personas o entidades que consideramos de confianza. En ocasiones, sus datos de cliente se comparten con dichos socios cuidadosamente seleccionados (por ejemplo, Facebook, etc.) con el fin de mejorar su experiencia de compra y prestarnos servicios.<\/p><p>Tambi\u00e9n podemos compartir informaci\u00f3n sobre usted en respuesta a una solicitud de informaci\u00f3n si creemos que la divulgaci\u00f3n es de conformidad con cualquier ley, reglamento o proceso legal aplicable, o si as\u00ed lo exige.<\/p><h2 class=\"wp-block-heading\">SERVICIOS DE PUBLICIDAD Y AN\u00c1LISIS PRESTADOS POR TERCEROS<\/h2><p>Permitimos que otras empresas presten servicios anal\u00edticos y publiquen anuncios en nuestro nombre en Internet y en aplicaciones. Estas entidades pueden utilizar cookies, balizas web, identificadores de dispositivos y otras tecnolog\u00edas para recopilar informaci\u00f3n sobre su uso de los Servicios y otros sitios web y aplicaciones, incluida su direcci\u00f3n IP, navegador web, informaci\u00f3n de red m\u00f3vil, p\u00e1ginas visitadas, tiempo de permanencia en p\u00e1ginas o en aplicaciones, enlaces pulsados e informaci\u00f3n de conversi\u00f3n. Esta informaci\u00f3n es utilizada por nosotros y otros para, entre otras cosas, analizar y rastrear datos, determinar la popularidad de ciertos contenidos, ofrecer publicidad y contenidos orientados a sus intereses en nuestros Servicios y otros sitios web y servicios en l\u00ednea y comprender mejor su actividad en l\u00ednea. Consulte nuestra<\/p><p>para obtener m\u00e1s informaci\u00f3n sobre c\u00f3mo puede optar por no recibir anuncios basados en intereses a trav\u00e9s de nuestros Servicios.<\/p><h2 class=\"wp-block-heading\">\u00bfQU\u00c9 OPCIONES TENGO?<\/h2><p>Siempre puede optar por no facilitar informaci\u00f3n, aunque \u00e9sta sea necesaria para realizar una compra o para beneficiarse de determinadas funciones de nuestros Servicios. Tambi\u00e9n puede gestionar, actualizar y corregir la informaci\u00f3n que facilita como parte de su cuenta en l\u00ednea accediendo a su cuenta de usuario.<\/p><p>Si prefiere no recibir correos electr\u00f3nicos de marketing enviados por una de nuestras marcas, simplemente haga clic en el enlace para darse de baja incluido en la parte inferior de cualquiera de esos correos electr\u00f3nicos. Si opta por no recibir correos electr\u00f3nicos de marketing, podremos seguir envi\u00e1ndole otro tipo de mensajes, como recibos de compra, informaci\u00f3n sobre env\u00edos o correos electr\u00f3nicos sobre su cuenta.<\/p><p>Internacional<\/p><p>La informaci\u00f3n que recopilamos sobre usted puede ser transferida a Estados Unidos y otros pa\u00edses, y se puede acceder a ella desde all\u00ed, seg\u00fan lo permita la legislaci\u00f3n aplicable. Es posible que estos otros pa\u00edses no ofrezcan el mismo nivel de protecci\u00f3n de datos que su jurisdicci\u00f3n de origen. Tomaremos medidas para mantener un nivel adecuado de protecci\u00f3n de esta informaci\u00f3n en las jurisdicciones en las que la procesamos. Si usted reside en el Espacio Econ\u00f3mico Europeo (\"EEE\"), consulte la secci\u00f3n \"Nota para los residentes en el EEE\" que figura a continuaci\u00f3n.<\/p><h2 class=\"wp-block-heading\">INFORMACI\u00d3N DE CONTACTO<\/h2><p>Si tiene alguna duda sobre nuestras pr\u00e1cticas de privacidad, p\u00f3ngase en contacto con nosotros en <a href=\"mailto:wona.losangeles@gmail.com\">wona.losangeles@gmail.com<\/a>.<\/p><h2 class=\"wp-block-heading\">NOTIFICACI\u00d3N DE CAMBIOS<\/h2><p>Podemos cambiar esta Pol\u00edtica de Privacidad de vez en cuando. Si realizamos cambios, se lo notificaremos revisando la fecha que figura en la parte superior de la pol\u00edtica y, en algunos casos, podemos proporcionarle un aviso adicional (como a\u00f1adir una declaraci\u00f3n a nuestra p\u00e1gina de inicio o enviarle una notificaci\u00f3n). Le recomendamos que revise la Pol\u00edtica de Privacidad cada vez que acceda a los Servicios o interact\u00fae con nosotros para mantenerse informado sobre nuestras pr\u00e1cticas de informaci\u00f3n y las opciones que tiene a su disposici\u00f3n.<\/p><h2 class=\"wp-block-heading\">NOTA PARA LOS RESIDENTES EN EL EEE<\/h2><p>Si reside en el EEE, la ley le otorga determinados derechos y protecciones en relaci\u00f3n con el tratamiento de sus datos personales. Consulte las secciones siguientes para obtener m\u00e1s informaci\u00f3n.<\/p><p>Base jur\u00eddica del tratamiento<\/p><p>S\u00f3lo procesaremos datos personales de acuerdo con la siguiente base jur\u00eddica:<\/p><ul class=\"wp-block-list\"><li>Cuando sea necesario para cumplir nuestras responsabilidades en virtud del contrato que tenemos con usted. Por ejemplo, para tramitar su pedido y entregarle los productos que compre;<\/li>\n\n<li>Cuando tengamos un inter\u00e9s leg\u00edtimo en tratar sus datos personales. Por ejemplo, para comunicarnos con usted acerca de cambios en nuestros Servicios o documentos legales, para prevenir el fraude, o para proporcionar, proteger y mejorar nuestros productos y servicios;<\/li>\n\n<li>Si solicitamos su consentimiento para una actividad de tratamiento espec\u00edfica (como el env\u00edo de correos electr\u00f3nicos de marketing), y usted da su consentimiento en la forma indicada; y<\/li>\n\n<li>En algunos casos, el tratamiento ser\u00e1 necesario para el cumplimiento de una obligaci\u00f3n legal, como la respuesta a solicitudes de procesos legales.<\/li><\/ul><h2 class=\"wp-block-heading\">Solicitudes de los interesados<\/h2><p>Tiene derecho a acceder a los datos personales que tenemos sobre usted y a pedir que se corrijan. En determinados casos, tambi\u00e9n puede tener derecho a solicitar que borremos los datos que estamos tratando o a restringir u oponerse a algunas de nuestras actividades de tratamiento. Tambi\u00e9n puede tener derecho a solicitar que le proporcionemos los datos personales que nos ha facilitado en un formato port\u00e1til para su transmisi\u00f3n al servicio de otro responsable del tratamiento. Si desea ejercer alguno de estos derechos, puede ponerse en contacto con nosotros enviando un correo electr\u00f3nico a\u00a0<a href=\"mailto:wona.losangeles@gmail.com\">wona.losangeles@gmail.com<\/a><\/p><h2 class=\"wp-block-heading\">Conservaci\u00f3n de datos<\/h2><p>Almacenamos la informaci\u00f3n que recogemos sobre usted durante el tiempo necesario para los fines para los que la recogimos originalmente. Podemos conservar determinada informaci\u00f3n por motivos comerciales leg\u00edtimos o por imperativo legal.<\/p><h2 class=\"wp-block-heading\">Preguntas o reclamaciones<\/h2><p>Si tiene alguna duda sobre nuestro tratamiento de datos personales que no podamos resolver, tiene derecho a presentar una reclamaci\u00f3n ante la autoridad de protecci\u00f3n de datos de su lugar de residencia. Para obtener los datos de contacto de su autoridad local de protecci\u00f3n de datos, consulte: <a href=\"http:\/\/ec.europa.eu\/justice\/data-protection\/article-29\/structure\/data-protection-authorities\/index_en.htm\" target=\"_blank\" rel=\"noreferrer noopener nofollow\">http:\/\/ec.europa.eu\/justice\/data-protection\/article-29\/structure\/data-protection-authorities\/index_en.htm<\/a>.<\/p>","protected":false},"excerpt":{"rendered":"<p>We know that you care how information about you is used and shared, and we appreciate your trust. This Privacy Policy explains how WONA uses and shares information about you when you use our websites and online services (\u201cServices\u201d) or otherwise interact with us. WHAT INFORMATION DO WE COLLECT ABOUT CUSTOMERS? HOW DO WE USE [&hellip;]<\/p>","protected":false},"author":1,"featured_media":0,"parent":0,"menu_order":0,"comment_status":"closed","ping_status":"open","template":"","meta":{"site-sidebar-layout":"default","site-content-layout":"","ast-site-content-layout":"default","site-content-style":"default","site-sidebar-style":"default","ast-global-header-display":"","ast-banner-title-visibility":"","ast-main-header-display":"","ast-hfb-above-header-display":"","ast-hfb-below-header-display":"","ast-hfb-mobile-header-display":"","site-post-title":"","ast-breadcrumbs-content":"","ast-featured-img":"","footer-sml-layout":"","ast-disable-related-posts":"","theme-transparent-header-meta":"","adv-header-id-meta":"","stick-header-meta":"","header-above-stick-meta":"","header-main-stick-meta":"","header-below-stick-meta":"","astra-migrate-meta-layouts":"default","ast-page-background-enabled":"default","ast-page-background-meta":{"desktop":{"background-color":"var(--ast-global-color-4)","background-image":"","background-repeat":"repeat","background-position":"center center","background-size":"auto","background-attachment":"scroll","background-type":"","background-media":"","overlay-type":"","overlay-color":"","overlay-opacity":"","overlay-gradient":""},"tablet":{"background-color":"","background-image":"","background-repeat":"repeat","background-position":"center center","background-size":"auto","background-attachment":"scroll","background-type":"","background-media":"","overlay-type":"","overlay-color":"","overlay-opacity":"","overlay-gradient":""},"mobile":{"background-color":"","background-image":"","background-repeat":"repeat","background-position":"center center","background-size":"auto","background-attachment":"scroll","background-type":"","background-media":"","overlay-type":"","overlay-color":"","overlay-opacity":"","overlay-gradient":""}},"ast-content-background-meta":{"desktop":{"background-color":"var(--ast-global-color-5)","background-image":"","background-repeat":"repeat","background-position":"center center","background-size":"auto","background-attachment":"scroll","background-type":"","background-media":"","overlay-type":"","overlay-color":"","overlay-opacity":"","overlay-gradient":""},"tablet":{"background-color":"var(--ast-global-color-5)","background-image":"","background-repeat":"repeat","background-position":"center center","background-size":"auto","background-attachment":"scroll","background-type":"","background-media":"","overlay-type":"","overlay-color":"","overlay-opacity":"","overlay-gradient":""},"mobile":{"background-color":"var(--ast-global-color-5)","background-image":"","background-repeat":"repeat","background-position":"center center","background-size":"auto","background-attachment":"scroll","background-type":"","background-media":"","overlay-type":"","overlay-color":"","overlay-opacity":"","overlay-gradient":""}},"footnotes":""},"class_list":["post-3","page","type-page","status-publish","hentry"],"_links":{"self":[{"href":"https:\/\/wonabridal.com\/es\/wp-json\/wp\/v2\/pages\/3","targetHints":{"allow":["GET"]}}],"collection":[{"href":"https:\/\/wonabridal.com\/es\/wp-json\/wp\/v2\/pages"}],"about":[{"href":"https:\/\/wonabridal.com\/es\/wp-json\/wp\/v2\/types\/page"}],"author":[{"embeddable":true,"href":"https:\/\/wonabridal.com\/es\/wp-json\/wp\/v2\/users\/1"}],"replies":[{"embeddable":true,"href":"https:\/\/wonabridal.com\/es\/wp-json\/wp\/v2\/comments?post=3"}],"version-history":[{"count":2,"href":"https:\/\/wonabridal.com\/es\/wp-json\/wp\/v2\/pages\/3\/revisions"}],"predecessor-version":[{"id":6680,"href":"https:\/\/wonabridal.com\/es\/wp-json\/wp\/v2\/pages\/3\/revisions\/6680"}],"wp:attachment":[{"href":"https:\/\/wonabridal.com\/es\/wp-json\/wp\/v2\/media?parent=3"}],"curies":[{"name":"wp","href":"https:\/\/api.w.org\/{rel}","templated":true}]}}